{"id":1047,"date":"2022-02-15T18:07:47","date_gmt":"2022-02-15T17:07:47","guid":{"rendered":"http:\/\/grrzzz.org\/?page_id=1047"},"modified":"2022-12-20T12:58:31","modified_gmt":"2022-12-20T11:58:31","slug":"tours-2022-test","status":"publish","type":"page","link":"https:\/\/grrzzz.org\/?page_id=1047","title":{"rendered":"2022"},"content":{"rendered":"<p>C la Kata! Le tour<span style=\"color: #00ffff;\"> SCHLEU-GRRZZZ<\/span> de ce mois de <span style=\"color: #00ffff;\">D\u00e9cembre<\/span> stopp\u00e9 \u00e0 la 5eme date ( il en restait genre 13 ) pour cause de grave infection de la main de Alex, guitariste \u00e9m\u00e9rite des Schleu. On remettra \u00e7a ensemble au printemps prochain, on a pas fini de vous<span style=\"color: #00ffff;\"> flinguer les oreilles<\/span>!<\/p>\n<p><img loading=\"lazy\" decoding=\"async\" class=\"alignnone size-large wp-image-1176\" src=\"http:\/\/grrzzz.org\/wp\/wp-content\/uploads\/2022\/12\/Grz-Dec22-1024x679.jpg\" alt=\"\" width=\"840\" height=\"557\" srcset=\"https:\/\/grrzzz.org\/wp\/wp-content\/uploads\/2022\/12\/Grz-Dec22-1024x679.jpg 1024w, https:\/\/grrzzz.org\/wp\/wp-content\/uploads\/2022\/12\/Grz-Dec22-300x199.jpg 300w, https:\/\/grrzzz.org\/wp\/wp-content\/uploads\/2022\/12\/Grz-Dec22-768x509.jpg 768w, https:\/\/grrzzz.org\/wp\/wp-content\/uploads\/2022\/12\/Grz-Dec22-1200x795.jpg 1200w\" sizes=\"auto, (max-width: 709px) 85vw, (max-width: 909px) 67vw, (max-width: 1362px) 62vw, 840px\" \/><\/p>\n<p>&nbsp;<\/p>\n<p>TOUR D\u00e9cembre 2022: <span style=\"color: #00ffff;\">GRRZZZ<\/span> avec <span style=\"color: #00ffff;\">SCHLEU<\/span>, ouf-core de Quenelle-city!<\/p>\n<p><img loading=\"lazy\" decoding=\"async\" class=\"alignnone size-large wp-image-1163\" src=\"http:\/\/grrzzz.org\/wp\/wp-content\/uploads\/2022\/11\/fly-Alexia-2emeVersion-TOUR-DECEMBRE-resizedFB-724x1024.jpg\" alt=\"\" width=\"724\" height=\"1024\" srcset=\"https:\/\/grrzzz.org\/wp\/wp-content\/uploads\/2022\/11\/fly-Alexia-2emeVersion-TOUR-DECEMBRE-resizedFB-724x1024.jpg 724w, https:\/\/grrzzz.org\/wp\/wp-content\/uploads\/2022\/11\/fly-Alexia-2emeVersion-TOUR-DECEMBRE-resizedFB-212x300.jpg 212w, https:\/\/grrzzz.org\/wp\/wp-content\/uploads\/2022\/11\/fly-Alexia-2emeVersion-TOUR-DECEMBRE-resizedFB-768x1086.jpg 768w, https:\/\/grrzzz.org\/wp\/wp-content\/uploads\/2022\/11\/fly-Alexia-2emeVersion-TOUR-DECEMBRE-resizedFB-1200x1697.jpg 1200w, https:\/\/grrzzz.org\/wp\/wp-content\/uploads\/2022\/11\/fly-Alexia-2emeVersion-TOUR-DECEMBRE-resizedFB.jpg 1400w\" sizes=\"auto, (max-width: 724px) 85vw, 724px\" \/><\/p>\n<p><img loading=\"lazy\" decoding=\"async\" class=\"alignnone size-large wp-image-1168\" src=\"http:\/\/grrzzz.org\/wp\/wp-content\/uploads\/2022\/11\/Tanneries-1erDec-RESIZED-710x1024.jpg\" alt=\"\" width=\"710\" height=\"1024\" srcset=\"https:\/\/grrzzz.org\/wp\/wp-content\/uploads\/2022\/11\/Tanneries-1erDec-RESIZED-710x1024.jpg 710w, https:\/\/grrzzz.org\/wp\/wp-content\/uploads\/2022\/11\/Tanneries-1erDec-RESIZED-208x300.jpg 208w, https:\/\/grrzzz.org\/wp\/wp-content\/uploads\/2022\/11\/Tanneries-1erDec-RESIZED-768x1107.jpg 768w, https:\/\/grrzzz.org\/wp\/wp-content\/uploads\/2022\/11\/Tanneries-1erDec-RESIZED-1200x1730.jpg 1200w, https:\/\/grrzzz.org\/wp\/wp-content\/uploads\/2022\/11\/Tanneries-1erDec-RESIZED.jpg 1400w\" sizes=\"auto, (max-width: 710px) 85vw, 710px\" \/><\/p>\n<p><img loading=\"lazy\" decoding=\"async\" class=\"alignnone size-large wp-image-1171\" src=\"http:\/\/grrzzz.org\/wp\/wp-content\/uploads\/2022\/11\/FLY-3-DECEMBRE-anniv-CRABE-1024x1024.jpg\" alt=\"\" width=\"840\" height=\"840\" srcset=\"https:\/\/grrzzz.org\/wp\/wp-content\/uploads\/2022\/11\/FLY-3-DECEMBRE-anniv-CRABE-1024x1024.jpg 1024w, https:\/\/grrzzz.org\/wp\/wp-content\/uploads\/2022\/11\/FLY-3-DECEMBRE-anniv-CRABE-150x150.jpg 150w, https:\/\/grrzzz.org\/wp\/wp-content\/uploads\/2022\/11\/FLY-3-DECEMBRE-anniv-CRABE-300x300.jpg 300w, https:\/\/grrzzz.org\/wp\/wp-content\/uploads\/2022\/11\/FLY-3-DECEMBRE-anniv-CRABE-768x768.jpg 768w, https:\/\/grrzzz.org\/wp\/wp-content\/uploads\/2022\/11\/FLY-3-DECEMBRE-anniv-CRABE-1200x1200.jpg 1200w, https:\/\/grrzzz.org\/wp\/wp-content\/uploads\/2022\/11\/FLY-3-DECEMBRE-anniv-CRABE.jpg 1536w\" sizes=\"auto, (max-width: 709px) 85vw, (max-width: 909px) 67vw, (max-width: 1362px) 62vw, 840px\" \/><\/p>\n<p>&nbsp;<\/p>\n<p><img loading=\"lazy\" decoding=\"async\" class=\"alignnone size-large wp-image-1173\" src=\"http:\/\/grrzzz.org\/wp\/wp-content\/uploads\/2022\/11\/Gent-RESIZED-less-724x1024.jpg\" alt=\"\" width=\"724\" height=\"1024\" srcset=\"https:\/\/grrzzz.org\/wp\/wp-content\/uploads\/2022\/11\/Gent-RESIZED-less-724x1024.jpg 724w, https:\/\/grrzzz.org\/wp\/wp-content\/uploads\/2022\/11\/Gent-RESIZED-less-212x300.jpg 212w, https:\/\/grrzzz.org\/wp\/wp-content\/uploads\/2022\/11\/Gent-RESIZED-less-768x1086.jpg 768w, https:\/\/grrzzz.org\/wp\/wp-content\/uploads\/2022\/11\/Gent-RESIZED-less-1200x1697.jpg 1200w, https:\/\/grrzzz.org\/wp\/wp-content\/uploads\/2022\/11\/Gent-RESIZED-less.jpg 1400w\" sizes=\"auto, (max-width: 724px) 85vw, 724px\" \/><\/p>\n<p>&nbsp;<\/p>\n<p><span style=\"color: #00ffff;\">L\u00c9ONARD KOTIK<\/span> r\u00e9cidive:<\/p>\n<p>Mercredi 26 octobre <span style=\"color: #00ffff;\">GRENOBLE<\/span> au Lieu Intimiste<\/p>\n<p>Jeudi 27 octobre <span style=\"color: #00ffff;\">St \u00c9TIENNE<\/span> La cale w\/Delacave er St\u00e9r\u00e9o<\/p>\n<p><img loading=\"lazy\" decoding=\"async\" class=\"alignnone size-large wp-image-1159\" src=\"http:\/\/grrzzz.org\/wp\/wp-content\/uploads\/2022\/10\/CCrts-LK-Oct22-FinalCut-1024x768.jpg\" alt=\"\" width=\"840\" height=\"630\" srcset=\"https:\/\/grrzzz.org\/wp\/wp-content\/uploads\/2022\/10\/CCrts-LK-Oct22-FinalCut-1024x768.jpg 1024w, https:\/\/grrzzz.org\/wp\/wp-content\/uploads\/2022\/10\/CCrts-LK-Oct22-FinalCut-300x225.jpg 300w, https:\/\/grrzzz.org\/wp\/wp-content\/uploads\/2022\/10\/CCrts-LK-Oct22-FinalCut-768x576.jpg 768w, https:\/\/grrzzz.org\/wp\/wp-content\/uploads\/2022\/10\/CCrts-LK-Oct22-FinalCut-1200x900.jpg 1200w, https:\/\/grrzzz.org\/wp\/wp-content\/uploads\/2022\/10\/CCrts-LK-Oct22-FinalCut.jpg 1867w\" sizes=\"auto, (max-width: 709px) 85vw, (max-width: 909px) 67vw, (max-width: 1362px) 62vw, 840px\" \/><\/p>\n<p>&nbsp;<\/p>\n<p><span style=\"color: #00ffff;\">GRRZZZ<\/span> \u00e0 l&#8217;<span style=\"color: #00ffff;\">Embobineuse<\/span>, Marseille le 22 octobre w\/ SCHLEU ( ouf core, Lyon ) et LA CASA FANTOM ( ouragan sur la banquise, Oslo, Norv\u00e8ge ). Oui c&#8217;est du pass\u00e9 maintenant, mais c&#8217;\u00e9tait trop bien!<\/p>\n<p><img loading=\"lazy\" decoding=\"async\" class=\"alignnone size-large wp-image-1154\" src=\"http:\/\/grrzzz.org\/wp\/wp-content\/uploads\/2022\/10\/Ccrt-Embo-22oct22-Essai1-contrast-1024x688.jpg\" alt=\"\" width=\"840\" height=\"564\" srcset=\"https:\/\/grrzzz.org\/wp\/wp-content\/uploads\/2022\/10\/Ccrt-Embo-22oct22-Essai1-contrast-1024x688.jpg 1024w, https:\/\/grrzzz.org\/wp\/wp-content\/uploads\/2022\/10\/Ccrt-Embo-22oct22-Essai1-contrast-300x201.jpg 300w, https:\/\/grrzzz.org\/wp\/wp-content\/uploads\/2022\/10\/Ccrt-Embo-22oct22-Essai1-contrast-768x516.jpg 768w, https:\/\/grrzzz.org\/wp\/wp-content\/uploads\/2022\/10\/Ccrt-Embo-22oct22-Essai1-contrast-1200x806.jpg 1200w, https:\/\/grrzzz.org\/wp\/wp-content\/uploads\/2022\/10\/Ccrt-Embo-22oct22-Essai1-contrast-272x182.jpg 272w\" sizes=\"auto, (max-width: 709px) 85vw, (max-width: 909px) 67vw, (max-width: 1362px) 62vw, 840px\" \/><\/p>\n<p><span style=\"color: #00ffff;\">J-M TARRE<\/span> et L\u00e9onard<span style=\"color: #00ffff;\"> KOTIK<\/span> font leurs solos dark dark dark \u00e0 la soir\u00e9e de <span style=\"color: #00ffff;\">soutien au Le Grizzzt festival!<\/span> Avec Petit Petit, LR666 et Le Collectif Mal Dormir.<\/p>\n<p><span style=\"color: #00ffff;\">Samedi 3 septembre<\/span> \u00e0 partir de 18h. <span style=\"color: #00ffff;\">Aux Beauvais de St Agil<\/span> ( 41 ). Venez expulser vos sueurs froides!<\/p>\n<p><img loading=\"lazy\" decoding=\"async\" class=\"alignnone size-large wp-image-1145\" src=\"http:\/\/grrzzz.org\/wp\/wp-content\/uploads\/2022\/08\/ants-794x1024.jpg\" alt=\"\" width=\"794\" height=\"1024\" srcset=\"https:\/\/grrzzz.org\/wp\/wp-content\/uploads\/2022\/08\/ants-794x1024.jpg 794w, https:\/\/grrzzz.org\/wp\/wp-content\/uploads\/2022\/08\/ants-233x300.jpg 233w, https:\/\/grrzzz.org\/wp\/wp-content\/uploads\/2022\/08\/ants-768x991.jpg 768w, https:\/\/grrzzz.org\/wp\/wp-content\/uploads\/2022\/08\/ants-1200x1548.jpg 1200w, https:\/\/grrzzz.org\/wp\/wp-content\/uploads\/2022\/08\/ants.jpg 1400w\" sizes=\"auto, (max-width: 794px) 85vw, 794px\" \/><\/p>\n<p>&nbsp;<\/p>\n<p><span style=\"color: #00ffff;\">\u00a0J-M TARRE et L\u00e9onard KOTIK<\/span> &#8211; samedi 3 septembre &#8211;<span style=\"color: #00ffff;\"> Lieu Amical<\/span> dans le [41]<\/p>\n<p><img loading=\"lazy\" decoding=\"async\" class=\"alignnone size-large wp-image-1141\" src=\"http:\/\/grrzzz.org\/wp\/wp-content\/uploads\/2022\/08\/BrainOff-Kontrast-717x1024.jpg\" alt=\"\" width=\"717\" height=\"1024\" srcset=\"https:\/\/grrzzz.org\/wp\/wp-content\/uploads\/2022\/08\/BrainOff-Kontrast-717x1024.jpg 717w, https:\/\/grrzzz.org\/wp\/wp-content\/uploads\/2022\/08\/BrainOff-Kontrast-210x300.jpg 210w, https:\/\/grrzzz.org\/wp\/wp-content\/uploads\/2022\/08\/BrainOff-Kontrast-768x1097.jpg 768w, https:\/\/grrzzz.org\/wp\/wp-content\/uploads\/2022\/08\/BrainOff-Kontrast-1200x1714.jpg 1200w, https:\/\/grrzzz.org\/wp\/wp-content\/uploads\/2022\/08\/BrainOff-Kontrast.jpg 1400w\" sizes=\"auto, (max-width: 717px) 85vw, 717px\" \/><\/p>\n<p>&nbsp;<\/p>\n<p>avec un peu de retard: <span style=\"color: #00ffff;\">GRRZZZ<\/span> a fait un concert avec Private Enemy, Incisives et beaucoup d&#8217;autres \u00e9v\u00e9nements dans le [26] samedi 30 juillet au<span style=\"color: #00ffff;\"> Lieu Secret<\/span>. C&#8217;\u00e9tait trop bien!<\/p>\n<p><img loading=\"lazy\" decoding=\"async\" class=\"alignnone size-large wp-image-1137\" src=\"http:\/\/grrzzz.org\/wp\/wp-content\/uploads\/2022\/08\/Grz-drome-30juillet22-1024x768.jpg\" alt=\"\" width=\"840\" height=\"630\" srcset=\"https:\/\/grrzzz.org\/wp\/wp-content\/uploads\/2022\/08\/Grz-drome-30juillet22-1024x768.jpg 1024w, https:\/\/grrzzz.org\/wp\/wp-content\/uploads\/2022\/08\/Grz-drome-30juillet22-300x225.jpg 300w, https:\/\/grrzzz.org\/wp\/wp-content\/uploads\/2022\/08\/Grz-drome-30juillet22-768x576.jpg 768w, https:\/\/grrzzz.org\/wp\/wp-content\/uploads\/2022\/08\/Grz-drome-30juillet22-1200x900.jpg 1200w, https:\/\/grrzzz.org\/wp\/wp-content\/uploads\/2022\/08\/Grz-drome-30juillet22.jpg 1867w\" sizes=\"auto, (max-width: 709px) 85vw, (max-width: 909px) 67vw, (max-width: 1362px) 62vw, 840px\" \/><\/p>\n<p>avec un peu de retard, bis: <span style=\"color: #00ffff;\">GRRZZZ<\/span> a enregistr\u00e9 chez les potes de Grenoble fin juillet de cette ann\u00e9e!&#8230; nouveaux morceaux sombres et d\u00e9pressifs&#8230; miammiam!<\/p>\n<p><img loading=\"lazy\" decoding=\"async\" class=\"alignnone size-large wp-image-1135\" src=\"http:\/\/grrzzz.org\/wp\/wp-content\/uploads\/2022\/08\/Grz-juillet22-1024x679.jpg\" alt=\"\" width=\"840\" height=\"557\" srcset=\"https:\/\/grrzzz.org\/wp\/wp-content\/uploads\/2022\/08\/Grz-juillet22-1024x679.jpg 1024w, https:\/\/grrzzz.org\/wp\/wp-content\/uploads\/2022\/08\/Grz-juillet22-300x199.jpg 300w, https:\/\/grrzzz.org\/wp\/wp-content\/uploads\/2022\/08\/Grz-juillet22-768x509.jpg 768w, https:\/\/grrzzz.org\/wp\/wp-content\/uploads\/2022\/08\/Grz-juillet22-1200x795.jpg 1200w\" sizes=\"auto, (max-width: 709px) 85vw, (max-width: 909px) 67vw, (max-width: 1362px) 62vw, 840px\" \/><\/p>\n<p><img loading=\"lazy\" decoding=\"async\" class=\"alignnone size-large wp-image-1124\" src=\"http:\/\/grrzzz.org\/wp\/wp-content\/uploads\/2022\/05\/Fly-Tour-TOUT3-767x1024.jpg\" alt=\"\" width=\"767\" height=\"1024\" srcset=\"https:\/\/grrzzz.org\/wp\/wp-content\/uploads\/2022\/05\/Fly-Tour-TOUT3-767x1024.jpg 767w, https:\/\/grrzzz.org\/wp\/wp-content\/uploads\/2022\/05\/Fly-Tour-TOUT3-225x300.jpg 225w, https:\/\/grrzzz.org\/wp\/wp-content\/uploads\/2022\/05\/Fly-Tour-TOUT3-768x1025.jpg 768w, https:\/\/grrzzz.org\/wp\/wp-content\/uploads\/2022\/05\/Fly-Tour-TOUT3-1200x1601.jpg 1200w\" sizes=\"auto, (max-width: 767px) 85vw, 767px\" \/><\/p>\n<p>6 mai &#8211;<span style=\"color: #00ffff;\"> L&#8217;Embobineuse<\/span> &#8211; MARSEILLE<\/p>\n<p>&nbsp;<\/p>\n<p><img loading=\"lazy\" decoding=\"async\" class=\"alignnone size-large wp-image-1111\" src=\"http:\/\/grrzzz.org\/wp\/wp-content\/uploads\/2022\/03\/urbanismeDisloque-resized-ontheway-1024x731.jpg\" alt=\"\" width=\"840\" height=\"600\" srcset=\"https:\/\/grrzzz.org\/wp\/wp-content\/uploads\/2022\/03\/urbanismeDisloque-resized-ontheway-1024x731.jpg 1024w, https:\/\/grrzzz.org\/wp\/wp-content\/uploads\/2022\/03\/urbanismeDisloque-resized-ontheway-300x214.jpg 300w, https:\/\/grrzzz.org\/wp\/wp-content\/uploads\/2022\/03\/urbanismeDisloque-resized-ontheway-768x548.jpg 768w, https:\/\/grrzzz.org\/wp\/wp-content\/uploads\/2022\/03\/urbanismeDisloque-resized-ontheway-1200x857.jpg 1200w, https:\/\/grrzzz.org\/wp\/wp-content\/uploads\/2022\/03\/urbanismeDisloque-resized-ontheway.jpg 1961w\" sizes=\"auto, (max-width: 709px) 85vw, (max-width: 909px) 67vw, (max-width: 1362px) 62vw, 840px\" \/><\/p>\n<p>&nbsp;<\/p>\n<p><strong>TOUR AVRIL 22\u00a0\u00a0\u00a0 <span style=\"color: #00ffff;\">GRRZZZ\u00a0 + CONSTANCE CHLORE<\/span><\/strong><\/p>\n<p>14 avril &#8211; <span style=\"color: #00ffff;\">Gigors Electric<\/span> &#8211; Gigors-et-Lozeron 26<\/p>\n<p><img loading=\"lazy\" decoding=\"async\" class=\"alignnone size-large wp-image-1104\" src=\"http:\/\/grrzzz.org\/wp\/wp-content\/uploads\/2022\/03\/Gigors-Aff-VERTE-resized-585x1024.jpg\" alt=\"\" width=\"585\" height=\"1024\" srcset=\"https:\/\/grrzzz.org\/wp\/wp-content\/uploads\/2022\/03\/Gigors-Aff-VERTE-resized-585x1024.jpg 585w, https:\/\/grrzzz.org\/wp\/wp-content\/uploads\/2022\/03\/Gigors-Aff-VERTE-resized-171x300.jpg 171w, https:\/\/grrzzz.org\/wp\/wp-content\/uploads\/2022\/03\/Gigors-Aff-VERTE-resized-768x1343.jpg 768w, https:\/\/grrzzz.org\/wp\/wp-content\/uploads\/2022\/03\/Gigors-Aff-VERTE-resized-1200x2099.jpg 1200w, https:\/\/grrzzz.org\/wp\/wp-content\/uploads\/2022\/03\/Gigors-Aff-VERTE-resized.jpg 1400w\" sizes=\"auto, (max-width: 585px) 85vw, 585px\" \/><\/p>\n<p>15 avril &#8211; <span style=\"color: #00ffff;\">La M\u00e9andre<\/span> &#8211; Chalon s\/saone 71<\/p>\n<p><img loading=\"lazy\" decoding=\"async\" class=\"alignnone size-large wp-image-1099\" src=\"http:\/\/grrzzz.org\/wp\/wp-content\/uploads\/2022\/03\/Meandre-Final-731x1024.jpg\" alt=\"\" width=\"731\" height=\"1024\" srcset=\"https:\/\/grrzzz.org\/wp\/wp-content\/uploads\/2022\/03\/Meandre-Final-731x1024.jpg 731w, https:\/\/grrzzz.org\/wp\/wp-content\/uploads\/2022\/03\/Meandre-Final-214x300.jpg 214w, https:\/\/grrzzz.org\/wp\/wp-content\/uploads\/2022\/03\/Meandre-Final-768x1076.jpg 768w, https:\/\/grrzzz.org\/wp\/wp-content\/uploads\/2022\/03\/Meandre-Final-1200x1681.jpg 1200w\" sizes=\"auto, (max-width: 731px) 85vw, 731px\" \/><\/p>\n<p>16 avril-<span style=\"color: #00ffff;\"> Lieu Secret<\/span> &#8211; Grenoble 38<\/p>\n<p>19 avril &#8211; <span style=\"color: #00ffff;\">L&#8217;Usine \/ Makhno<\/span> &#8211; Gen\u00e8ve CH &#8211; soir\u00e9e &#8220;prise de risque&#8221;<\/p>\n<p><img loading=\"lazy\" decoding=\"async\" class=\"alignnone size-large wp-image-1115\" src=\"http:\/\/grrzzz.org\/wp\/wp-content\/uploads\/2022\/04\/Geneve-resized-1024x577.jpg\" alt=\"\" width=\"840\" height=\"473\" srcset=\"https:\/\/grrzzz.org\/wp\/wp-content\/uploads\/2022\/04\/Geneve-resized-1024x577.jpg 1024w, https:\/\/grrzzz.org\/wp\/wp-content\/uploads\/2022\/04\/Geneve-resized-300x169.jpg 300w, https:\/\/grrzzz.org\/wp\/wp-content\/uploads\/2022\/04\/Geneve-resized-768x433.jpg 768w, https:\/\/grrzzz.org\/wp\/wp-content\/uploads\/2022\/04\/Geneve-resized-1200x676.jpg 1200w\" sizes=\"auto, (max-width: 709px) 85vw, (max-width: 909px) 67vw, (max-width: 1362px) 62vw, 840px\" \/><\/p>\n<p>21 avril &#8211; <span style=\"color: #00ffff;\">GZ<\/span> &#8211; Lyon 69<\/p>\n<p><img loading=\"lazy\" decoding=\"async\" class=\"alignnone size-large wp-image-1117\" src=\"http:\/\/grrzzz.org\/wp\/wp-content\/uploads\/2022\/04\/Lyon-GZ-resized-724x1024.jpg\" alt=\"\" width=\"724\" height=\"1024\" srcset=\"https:\/\/grrzzz.org\/wp\/wp-content\/uploads\/2022\/04\/Lyon-GZ-resized-724x1024.jpg 724w, https:\/\/grrzzz.org\/wp\/wp-content\/uploads\/2022\/04\/Lyon-GZ-resized-212x300.jpg 212w, https:\/\/grrzzz.org\/wp\/wp-content\/uploads\/2022\/04\/Lyon-GZ-resized-768x1087.jpg 768w, https:\/\/grrzzz.org\/wp\/wp-content\/uploads\/2022\/04\/Lyon-GZ-resized-1200x1698.jpg 1200w, https:\/\/grrzzz.org\/wp\/wp-content\/uploads\/2022\/04\/Lyon-GZ-resized.jpg 1400w\" sizes=\"auto, (max-width: 724px) 85vw, 724px\" \/><\/p>\n<p>22 avril &#8211; <span style=\"color: #00ffff;\">La Cale<\/span> &#8211; St \u00c9tienne 42<\/p>\n<p><img loading=\"lazy\" decoding=\"async\" class=\"alignnone size-large wp-image-1106\" src=\"http:\/\/grrzzz.org\/wp\/wp-content\/uploads\/2022\/03\/St----LaCale-resized-724x1024.jpg\" alt=\"\" width=\"724\" height=\"1024\" srcset=\"https:\/\/grrzzz.org\/wp\/wp-content\/uploads\/2022\/03\/St----LaCale-resized-724x1024.jpg 724w, https:\/\/grrzzz.org\/wp\/wp-content\/uploads\/2022\/03\/St----LaCale-resized-212x300.jpg 212w, https:\/\/grrzzz.org\/wp\/wp-content\/uploads\/2022\/03\/St----LaCale-resized-768x1086.jpg 768w, https:\/\/grrzzz.org\/wp\/wp-content\/uploads\/2022\/03\/St----LaCale-resized-1200x1697.jpg 1200w, https:\/\/grrzzz.org\/wp\/wp-content\/uploads\/2022\/03\/St----LaCale-resized.jpg 1400w\" sizes=\"auto, (max-width: 724px) 85vw, 724px\" \/><\/p>\n<p>23 avril &#8211; <span style=\"color: #00ffff;\">Octopus<\/span> &#8211; Cunlhat 63<\/p>\n<p><img loading=\"lazy\" decoding=\"async\" class=\"alignnone size-large wp-image-1118\" src=\"http:\/\/grrzzz.org\/wp\/wp-content\/uploads\/2022\/04\/23-avril-OCTO-resized-724x1024.jpg\" alt=\"\" width=\"724\" height=\"1024\" srcset=\"https:\/\/grrzzz.org\/wp\/wp-content\/uploads\/2022\/04\/23-avril-OCTO-resized-724x1024.jpg 724w, https:\/\/grrzzz.org\/wp\/wp-content\/uploads\/2022\/04\/23-avril-OCTO-resized-212x300.jpg 212w, https:\/\/grrzzz.org\/wp\/wp-content\/uploads\/2022\/04\/23-avril-OCTO-resized-768x1087.jpg 768w, https:\/\/grrzzz.org\/wp\/wp-content\/uploads\/2022\/04\/23-avril-OCTO-resized-1200x1698.jpg 1200w, https:\/\/grrzzz.org\/wp\/wp-content\/uploads\/2022\/04\/23-avril-OCTO-resized.jpg 1400w\" sizes=\"auto, (max-width: 724px) 85vw, 724px\" \/><\/p>\n<p>&nbsp;<\/p>\n<p>&nbsp;<\/p>\n<p>&nbsp;<\/p>\n<p>5 mars &#8211;<span style=\"color: #00ffff;\"> JM Tarre &amp; L\u00e9onard Kotik<\/span> &#8211; L&#8217;Interm\u00e9diaire &#8211; <span style=\"color: #00ffff;\">MARSEILLE<\/span> &#8211;<\/p>\n<p>&nbsp;<\/p>\n<p><strong><img loading=\"lazy\" decoding=\"async\" class=\"alignnone size-large wp-image-1074\" src=\"http:\/\/grrzzz.org\/wp\/wp-content\/uploads\/2022\/02\/Affiche-DATAinter-2e-version-FINALE-resizedPourSites-725x1024.jpg\" alt=\"\" width=\"725\" height=\"1024\" srcset=\"https:\/\/grrzzz.org\/wp\/wp-content\/uploads\/2022\/02\/Affiche-DATAinter-2e-version-FINALE-resizedPourSites-725x1024.jpg 725w, https:\/\/grrzzz.org\/wp\/wp-content\/uploads\/2022\/02\/Affiche-DATAinter-2e-version-FINALE-resizedPourSites-212x300.jpg 212w, https:\/\/grrzzz.org\/wp\/wp-content\/uploads\/2022\/02\/Affiche-DATAinter-2e-version-FINALE-resizedPourSites-768x1085.jpg 768w, https:\/\/grrzzz.org\/wp\/wp-content\/uploads\/2022\/02\/Affiche-DATAinter-2e-version-FINALE-resizedPourSites-1200x1695.jpg 1200w, https:\/\/grrzzz.org\/wp\/wp-content\/uploads\/2022\/02\/Affiche-DATAinter-2e-version-FINALE-resizedPourSites.jpg 1400w\" sizes=\"auto, (max-width: 725px) 85vw, 725px\" \/>B<\/strong>eaucoup de<\/p>\n<p>&nbsp;<\/p>\n<p>Beaucoup de choses choses \u00e0 venir: concerts ( Grrzzz et projets solo JM Tarre et L\u00e9onard Kotik\u00a0 ), nouvel LP Grrzzz&#8230; actualisation de la page tout bient\u00f4t.<\/p>\n<p>A lot of plans for 2022 as well: gigs ( Grrzzz and solo projects KM Tarre et L\u00e9onard Kotik ), brand new Grrzzz LP&#8230;\u00a0 refreshing this page very soon&#8230;<\/p>\n","protected":false},"excerpt":{"rendered":"<p>C la Kata! Le tour SCHLEU-GRRZZZ de ce mois de D\u00e9cembre stopp\u00e9 \u00e0 la 5eme date ( il en restait genre 13 ) pour cause de grave infection de la main de Alex, guitariste \u00e9m\u00e9rite des Schleu. On remettra \u00e7a ensemble au printemps prochain, on a pas fini de vous flinguer les oreilles! &nbsp; TOUR &hellip; <a href=\"https:\/\/grrzzz.org\/?page_id=1047\" class=\"more-link\">Continuer la lecture<span class=\"screen-reader-text\"> de &laquo;&nbsp;2022&nbsp;&raquo;<\/span><\/a><\/p>\n","protected":false},"author":2,"featured_media":0,"parent":60,"menu_order":3,"comment_status":"closed","ping_status":"closed","template":"","meta":{"footnotes":""},"class_list":["post-1047","page","type-page","status-publish","hentry"],"_links":{"self":[{"href":"https:\/\/grrzzz.org\/index.php?rest_route=\/wp\/v2\/pages\/1047","targetHints":{"allow":["GET"]}}],"collection":[{"href":"https:\/\/grrzzz.org\/index.php?rest_route=\/wp\/v2\/pages"}],"about":[{"href":"https:\/\/grrzzz.org\/index.php?rest_route=\/wp\/v2\/types\/page"}],"author":[{"embeddable":true,"href":"https:\/\/grrzzz.org\/index.php?rest_route=\/wp\/v2\/users\/2"}],"replies":[{"embeddable":true,"href":"https:\/\/grrzzz.org\/index.php?rest_route=%2Fwp%2Fv2%2Fcomments&post=1047"}],"version-history":[{"count":36,"href":"https:\/\/grrzzz.org\/index.php?rest_route=\/wp\/v2\/pages\/1047\/revisions"}],"predecessor-version":[{"id":1180,"href":"https:\/\/grrzzz.org\/index.php?rest_route=\/wp\/v2\/pages\/1047\/revisions\/1180"}],"up":[{"embeddable":true,"href":"https:\/\/grrzzz.org\/index.php?rest_route=\/wp\/v2\/pages\/60"}],"wp:attachment":[{"href":"https:\/\/grrzzz.org\/index.php?rest_route=%2Fwp%2Fv2%2Fmedia&parent=1047"}],"curies":[{"name":"wp","href":"https:\/\/api.w.org\/{rel}","templated":true}]}}