{"id":1052,"date":"2022-02-15T20:56:47","date_gmt":"2022-02-15T19:56:47","guid":{"rendered":"http:\/\/grrzzz.org\/?page_id=1052"},"modified":"2022-02-15T21:06:59","modified_gmt":"2022-02-15T20:06:59","slug":"2021-2","status":"publish","type":"page","link":"https:\/\/grrzzz.org\/?page_id=1052","title":{"rendered":"2021"},"content":{"rendered":"<div class=\"\" dir=\"auto\">\n<div id=\"jsc_c_7e\" class=\"ecm0bbzt hv4rvrfc ihqw7lf3 dati1w0a\" data-ad-comet-preview=\"message\" data-ad-preview=\"message\">\n<div class=\"j83agx80 cbu4d94t ew0dbk1b irj2b8pg\">\n<div class=\"qzhwtbm6 knvmm38d\">\n<div class=\"kvgmc6g5 cxmmr5t8 oygrvhab hcukyx3x c1et5uql ii04i59q\">\n<div dir=\"auto\">\n<h1>\u00a02021<\/h1>\n<div dir=\"auto\">\n<div class=\"\" dir=\"auto\">\n<div id=\"jsc_c_1yg\" class=\"ecm0bbzt hv4rvrfc ihqw7lf3 dati1w0a\" data-ad-comet-preview=\"message\" data-ad-preview=\"message\">\n<div class=\"j83agx80 cbu4d94t ew0dbk1b irj2b8pg\">\n<div class=\"qzhwtbm6 knvmm38d\">\n<div class=\"kvgmc6g5 cxmmr5t8 oygrvhab hcukyx3x c1et5uql ii04i59q\">\n<div dir=\"auto\">\n<div class=\"\" dir=\"auto\">\n<div id=\"jsc_c_8k\" class=\"ecm0bbzt hv4rvrfc ihqw7lf3 dati1w0a\" data-ad-comet-preview=\"message\" data-ad-preview=\"message\">\n<div class=\"j83agx80 cbu4d94t ew0dbk1b irj2b8pg\">\n<div class=\"qzhwtbm6 knvmm38d\">\n<div class=\"kvgmc6g5 cxmmr5t8 oygrvhab hcukyx3x c1et5uql ii04i59q\">\n<div dir=\"auto\">EMBOBINEUSE, Marseille&#8230;.Vendredi 10 D\u00e9cembre 2021&#8230;..<\/div>\n<div dir=\"auto\">Gnark gnark&#8230; les d\u00e9licats GRRZZZ vont encore vomir leur postpunk industriel \u00e0 l&#8217;Embo ce vendredi! En compagnie de MOE, apocalyptique merveille de Norv\u00e8ge, trio de braise et de glace men\u00e9e par une bassiste-chanteuse pas possible&#8230;<\/div>\n<\/div>\n<\/div>\n<\/div>\n<\/div>\n<\/div>\n<\/div>\n<div dir=\"auto\"><\/div>\n<div dir=\"auto\"><\/div>\n<div dir=\"auto\"><\/div>\n<div dir=\"auto\"><img loading=\"lazy\" decoding=\"async\" class=\"alignnone size-large wp-image-1035\" src=\"http:\/\/grrzzz.org\/wp\/wp-content\/uploads\/2017\/12\/Duet-Riri-736x1024.jpg\" alt=\"\" width=\"736\" height=\"1024\" srcset=\"https:\/\/grrzzz.org\/wp\/wp-content\/uploads\/2017\/12\/Duet-Riri-736x1024.jpg 736w, https:\/\/grrzzz.org\/wp\/wp-content\/uploads\/2017\/12\/Duet-Riri-216x300.jpg 216w, https:\/\/grrzzz.org\/wp\/wp-content\/uploads\/2017\/12\/Duet-Riri-768x1068.jpg 768w, https:\/\/grrzzz.org\/wp\/wp-content\/uploads\/2017\/12\/Duet-Riri-1200x1669.jpg 1200w, https:\/\/grrzzz.org\/wp\/wp-content\/uploads\/2017\/12\/Duet-Riri.jpg 1683w\" sizes=\"auto, (max-width: 736px) 85vw, 736px\" \/><\/div>\n<div dir=\"auto\"><\/div>\n<div dir=\"auto\"><\/div>\n<div dir=\"auto\"><\/div>\n<div dir=\"auto\"><\/div>\n<div dir=\"auto\">ici les GRRZZZ on joue dans cette soir\u00e9e Radio FMR sam 27 novembre 2021, vers minuit\/1h au Bikini \u00e0 Toulouse<\/div>\n<div dir=\"auto\">Surprenant, non?<\/div>\n<\/div>\n<\/div>\n<\/div>\n<\/div>\n<\/div>\n<\/div>\n<div dir=\"auto\"><\/div>\n<div dir=\"auto\"><\/div>\n<div dir=\"auto\"><img loading=\"lazy\" decoding=\"async\" class=\"alignnone size-large wp-image-1031\" src=\"http:\/\/grrzzz.org\/wp\/wp-content\/uploads\/2017\/12\/Bikini-1024x542.jpg\" alt=\"\" width=\"840\" height=\"445\" srcset=\"https:\/\/grrzzz.org\/wp\/wp-content\/uploads\/2017\/12\/Bikini-1024x542.jpg 1024w, https:\/\/grrzzz.org\/wp\/wp-content\/uploads\/2017\/12\/Bikini-300x159.jpg 300w, https:\/\/grrzzz.org\/wp\/wp-content\/uploads\/2017\/12\/Bikini-768x406.jpg 768w, https:\/\/grrzzz.org\/wp\/wp-content\/uploads\/2017\/12\/Bikini-1200x635.jpg 1200w\" sizes=\"auto, (max-width: 709px) 85vw, (max-width: 909px) 67vw, (max-width: 1362px) 62vw, 840px\" \/><\/div>\n<div dir=\"auto\"><\/div>\n<div dir=\"auto\"><\/div>\n<div dir=\"auto\"><\/div>\n<div dir=\"auto\">TARD TARD DANS LA NUIT NOIRE&#8230; JMTARRE en concert \u00e0 M\u00c9TA sur Mars ce dimanche 7 novembre 21. contactez-nous pour + infos&#8230;<\/div>\n<\/div>\n<\/div>\n<\/div>\n<div dir=\"auto\"><\/div>\n<div class=\"qzhwtbm6 knvmm38d\">\n<div class=\"kvgmc6g5 cxmmr5t8 oygrvhab hcukyx3x c1et5uql ii04i59q\">\n<div dir=\"auto\">\n<div dir=\"auto\"><img loading=\"lazy\" decoding=\"async\" class=\"alignnone size-large wp-image-1023\" src=\"http:\/\/grrzzz.org\/wp\/wp-content\/uploads\/2017\/12\/Riri-Blanzy-OK-907x1024.jpg\" alt=\"\" width=\"840\" height=\"948\" srcset=\"https:\/\/grrzzz.org\/wp\/wp-content\/uploads\/2017\/12\/Riri-Blanzy-OK-907x1024.jpg 907w, https:\/\/grrzzz.org\/wp\/wp-content\/uploads\/2017\/12\/Riri-Blanzy-OK-266x300.jpg 266w, https:\/\/grrzzz.org\/wp\/wp-content\/uploads\/2017\/12\/Riri-Blanzy-OK-768x867.jpg 768w, https:\/\/grrzzz.org\/wp\/wp-content\/uploads\/2017\/12\/Riri-Blanzy-OK-1200x1354.jpg 1200w, https:\/\/grrzzz.org\/wp\/wp-content\/uploads\/2017\/12\/Riri-Blanzy-OK.jpg 1880w\" sizes=\"auto, (max-width: 709px) 85vw, (max-width: 909px) 67vw, (max-width: 1362px) 62vw, 840px\" \/><\/div>\n<div dir=\"auto\"><\/div>\n<div dir=\"auto\"><\/div>\n<div dir=\"auto\">JEAN-MICHELLE TARRE ( dark wave ) et L\u00c9ONARD KOTIK ( dark side satanic loops ), oui les 2 membres de Grrzzz dans leurs solos respectifs, jouent \u00e0 la P\u00e9niche, Chalon s\/ Sa\u00f4ne Vendredi 8 Octobre 21 avec Rien Virgule + Smadj + Aria 3000 + Poltergeist<\/div>\n<\/div>\n<\/div>\n<\/div>\n<div dir=\"auto\"><\/div>\n<div class=\"qzhwtbm6 knvmm38d\">\n<div class=\"kvgmc6g5 cxmmr5t8 oygrvhab hcukyx3x c1et5uql ii04i59q\">\n<div dir=\"auto\">\n<header>\n<div dir=\"auto\">8 octobre &#8211; Jean-Michelle TARRE + L\u00e9onard KOTIK &#8211; La P\u00e9niche &#8211; Chalon s\/Sa\u00f4ne 71<\/div>\n<div class=\"\" dir=\"auto\">\n<div dir=\"auto\"><\/div>\n<div dir=\"auto\"><img loading=\"lazy\" decoding=\"async\" class=\"alignnone size-large wp-image-1011\" src=\"http:\/\/grrzzz.org\/wp\/wp-content\/uploads\/2017\/12\/BunnyTof-837x1024.jpg\" alt=\"\" width=\"837\" height=\"1024\" srcset=\"https:\/\/grrzzz.org\/wp\/wp-content\/uploads\/2017\/12\/BunnyTof-837x1024.jpg 837w, https:\/\/grrzzz.org\/wp\/wp-content\/uploads\/2017\/12\/BunnyTof-245x300.jpg 245w, https:\/\/grrzzz.org\/wp\/wp-content\/uploads\/2017\/12\/BunnyTof-768x939.jpg 768w, https:\/\/grrzzz.org\/wp\/wp-content\/uploads\/2017\/12\/BunnyTof-1200x1467.jpg 1200w, https:\/\/grrzzz.org\/wp\/wp-content\/uploads\/2017\/12\/BunnyTof.jpg 1400w\" sizes=\"auto, (max-width: 837px) 85vw, 837px\" \/><\/div>\n<div dir=\"auto\"><\/div>\n<div dir=\"auto\"><\/div>\n<div dir=\"auto\">\n<div id=\"jsc_c_7e\" class=\"ecm0bbzt hv4rvrfc ihqw7lf3 dati1w0a\" data-ad-comet-preview=\"message\" data-ad-preview=\"message\">\n<div class=\"j83agx80 cbu4d94t ew0dbk1b irj2b8pg\">\n<div class=\"qzhwtbm6 knvmm38d\">\n<div dir=\"auto\">&#8211; 9 octobre &#8211; Jean-Michelle TARRE + L\u00e9onard KOTIK &#8211; Stade Municipal &#8211; Blanzy 71 &#8211; orga Cie Boumkao<img loading=\"lazy\" decoding=\"async\" class=\"alignnone size-large wp-image-1015\" src=\"http:\/\/grrzzz.org\/wp\/wp-content\/uploads\/2017\/12\/Blanzy-aff-nlle-taille-SitesGrz-796x1024.jpg\" alt=\"\" width=\"796\" height=\"1024\" srcset=\"https:\/\/grrzzz.org\/wp\/wp-content\/uploads\/2017\/12\/Blanzy-aff-nlle-taille-SitesGrz-796x1024.jpg 796w, https:\/\/grrzzz.org\/wp\/wp-content\/uploads\/2017\/12\/Blanzy-aff-nlle-taille-SitesGrz-233x300.jpg 233w, https:\/\/grrzzz.org\/wp\/wp-content\/uploads\/2017\/12\/Blanzy-aff-nlle-taille-SitesGrz-768x987.jpg 768w, https:\/\/grrzzz.org\/wp\/wp-content\/uploads\/2017\/12\/Blanzy-aff-nlle-taille-SitesGrz-1200x1543.jpg 1200w, https:\/\/grrzzz.org\/wp\/wp-content\/uploads\/2017\/12\/Blanzy-aff-nlle-taille-SitesGrz.jpg 1400w\" sizes=\"auto, (max-width: 796px) 85vw, 796px\" \/>ean-<\/div>\n<\/div>\n<\/div>\n<\/div>\n<div dir=\"auto\"><\/div>\n<\/div>\n<div dir=\"auto\"><\/div>\n<div dir=\"auto\"><\/div>\n<div dir=\"auto\"><\/div>\n<div dir=\"auto\"><span class=\"d2edcug0 hpfvmrgz qv66sw1b c1et5uql b0tq1wua a8c37x1j keod5gw0 nxhoafnm aigsh9s9 d9wwppkn fe6kdd0r mau55g9w c8b282yb hrzyx87i jq4qci2q a3bd9o3v b1v8xokw oo9gr5id hzawbc8m\" dir=\"auto\">Oui, apr\u00e8s cette soir\u00e9e d\u00e9lire samedi dernier dans le Centre, nous continuons samedi 11 septembre (date fatidique, rappelez-vous) &#8211; de samedi en samedi, tel un groupe de bal&#8230; Viendez ou bien vous serez priv\u00e9s de dessert!<\/span><\/div>\n<\/div>\n<\/header>\n<\/div>\n<\/div>\n<div dir=\"auto\"><\/div>\n<div class=\"kvgmc6g5 cxmmr5t8 oygrvhab hcukyx3x c1et5uql ii04i59q\">\n<div dir=\"auto\">\n<header>\n<div class=\"\" dir=\"auto\">\n<div dir=\"auto\">11 septembre &#8211; GRRZZZ &#8211; Brasserie Ouroboros &#8211; Freycenet-la-Tour 43<\/div>\n<div id=\"jsc_c_7e\" class=\"ecm0bbzt hv4rvrfc ihqw7lf3 dati1w0a\" data-ad-comet-preview=\"message\" data-ad-preview=\"message\">\n<div class=\"j83agx80 cbu4d94t ew0dbk1b irj2b8pg\">\n<div class=\"qzhwtbm6 knvmm38d\">\n<div class=\"kvgmc6g5 cxmmr5t8 oygrvhab hcukyx3x c1et5uql ii04i59q\">\n<div dir=\"auto\"><\/div>\n<div dir=\"auto\"><img loading=\"lazy\" decoding=\"async\" class=\"alignnone size-full wp-image-1005\" src=\"http:\/\/grrzzz.org\/wp\/wp-content\/uploads\/2017\/12\/ouroboros-grz.jpg\" alt=\"\" width=\"740\" height=\"563\" srcset=\"https:\/\/grrzzz.org\/wp\/wp-content\/uploads\/2017\/12\/ouroboros-grz.jpg 740w, https:\/\/grrzzz.org\/wp\/wp-content\/uploads\/2017\/12\/ouroboros-grz-300x228.jpg 300w\" sizes=\"auto, (max-width: 740px) 85vw, 740px\" \/><\/div>\n<div dir=\"auto\"><\/div>\n<div dir=\"auto\"><span class=\"d2edcug0 hpfvmrgz qv66sw1b c1et5uql b0tq1wua a8c37x1j keod5gw0 nxhoafnm aigsh9s9 d9wwppkn fe6kdd0r mau55g9w c8b282yb hrzyx87i jq4qci2q a3bd9o3v b1v8xokw oo9gr5id hzawbc8m\" dir=\"auto\">Apr\u00e8s l&#8217;Ouest, qui a \u00e9t\u00e9 tr\u00e8s agr\u00e9able, nous jouons dans le Centre. Venez nombreuses!<\/span><\/div>\n<div dir=\"auto\"><\/div>\n<div dir=\"auto\">4 septembre &#8211; GRRZZZ- au Centre<\/div>\n<div dir=\"auto\">\n<header>\n<div class=\"\" dir=\"auto\">\n<div id=\"jsc_c_7e\" class=\"ecm0bbzt hv4rvrfc ihqw7lf3 dati1w0a\" data-ad-comet-preview=\"message\" data-ad-preview=\"message\">\n<div class=\"j83agx80 cbu4d94t ew0dbk1b irj2b8pg\">\n<div class=\"qzhwtbm6 knvmm38d\">\n<div dir=\"auto\"><\/div>\n<div dir=\"auto\"><\/div>\n<div dir=\"auto\"><\/div>\n<div dir=\"auto\"><img loading=\"lazy\" decoding=\"async\" class=\"alignnone size-full wp-image-999\" src=\"http:\/\/grrzzz.org\/wp\/wp-content\/uploads\/2017\/12\/ring_1-72dpi.jpg\" alt=\"\" width=\"2133\" height=\"1200\" srcset=\"https:\/\/grrzzz.org\/wp\/wp-content\/uploads\/2017\/12\/ring_1-72dpi.jpg 2133w, https:\/\/grrzzz.org\/wp\/wp-content\/uploads\/2017\/12\/ring_1-72dpi-300x169.jpg 300w, https:\/\/grrzzz.org\/wp\/wp-content\/uploads\/2017\/12\/ring_1-72dpi-768x432.jpg 768w, https:\/\/grrzzz.org\/wp\/wp-content\/uploads\/2017\/12\/ring_1-72dpi-1024x576.jpg 1024w, https:\/\/grrzzz.org\/wp\/wp-content\/uploads\/2017\/12\/ring_1-72dpi-1200x675.jpg 1200w\" sizes=\"auto, (max-width: 709px) 85vw, (max-width: 909px) 67vw, (max-width: 1362px) 62vw, 840px\" \/><\/div>\n<div dir=\"auto\"><\/div>\n<div dir=\"auto\"><\/div>\n<div dir=\"auto\"><\/div>\n<div dir=\"auto\"><\/div>\n<div dir=\"auto\"><\/div>\n<div dir=\"auto\"><span class=\"d2edcug0 hpfvmrgz qv66sw1b c1et5uql b0tq1wua a8c37x1j keod5gw0 nxhoafnm aigsh9s9 d9wwppkn fe6kdd0r mau55g9w c8b282yb hrzyx87i jq4qci2q a3bd9o3v b1v8xokw oo9gr5id hzawbc8m\" dir=\"auto\">GRRZZZ: apr\u00e8s ce week-end intense et po\u00e9tique \u00e0 Bellechassagne chez la Compagnie DOEDEL, nous allons jouer samedi 28 ao\u00fbt \u00e0&#8230; eh bien nous serons en concert \u00e0 l&#8217;Ouest ( avec PizzaB entre autres ), comme souvent dans nos t\u00eates. Bis mal!!<\/span><\/div>\n<\/div>\n<\/div>\n<\/div>\n<\/div>\n<\/header>\n<div dir=\"auto\"><\/div>\n<div dir=\"auto\"><\/div>\n<div dir=\"auto\">\u00a028 ao\u00fbt &#8211; GRRZZZ &#8211; \u00e0 l&#8217;Ouest\/in the West&#8230;<\/div>\n<\/div>\n<\/div>\n<\/div>\n<\/div>\n<\/div>\n<div dir=\"auto\"><\/div>\n<div id=\"jsc_c_7e\" class=\"ecm0bbzt hv4rvrfc ihqw7lf3 dati1w0a\" data-ad-comet-preview=\"message\" data-ad-preview=\"message\">\n<div class=\"j83agx80 cbu4d94t ew0dbk1b irj2b8pg\">\n<div class=\"qzhwtbm6 knvmm38d\">\n<div class=\"kvgmc6g5 cxmmr5t8 oygrvhab hcukyx3x c1et5uql ii04i59q\">\n<div dir=\"auto\"><\/div>\n<div dir=\"auto\"><\/div>\n<div dir=\"auto\"><img loading=\"lazy\" decoding=\"async\" class=\"alignnone size-full wp-image-995\" src=\"http:\/\/grrzzz.org\/wp\/wp-content\/uploads\/2017\/12\/GrzRegression-FB-Couesne-aout21.jpg\" alt=\"\" width=\"1400\" height=\"2026\" srcset=\"https:\/\/grrzzz.org\/wp\/wp-content\/uploads\/2017\/12\/GrzRegression-FB-Couesne-aout21.jpg 1400w, https:\/\/grrzzz.org\/wp\/wp-content\/uploads\/2017\/12\/GrzRegression-FB-Couesne-aout21-207x300.jpg 207w, https:\/\/grrzzz.org\/wp\/wp-content\/uploads\/2017\/12\/GrzRegression-FB-Couesne-aout21-768x1111.jpg 768w, https:\/\/grrzzz.org\/wp\/wp-content\/uploads\/2017\/12\/GrzRegression-FB-Couesne-aout21-708x1024.jpg 708w, https:\/\/grrzzz.org\/wp\/wp-content\/uploads\/2017\/12\/GrzRegression-FB-Couesne-aout21-1200x1737.jpg 1200w\" sizes=\"auto, (max-width: 709px) 85vw, (max-width: 909px) 67vw, (max-width: 1362px) 62vw, 840px\" \/><\/div>\n<div dir=\"auto\"><\/div>\n<div dir=\"auto\"><\/div>\n<div dir=\"auto\"><\/div>\n<div dir=\"auto\"><\/div>\n<div dir=\"auto\">21 ao\u00fbt &#8211; GRRZZZ &#8211; F\u00eate de la St Georges &#8211; Bellechassagne (19) &#8211; organis\u00e9 par la Doedel Compagnie (NL)<\/div>\n<div dir=\"auto\"><\/div>\n<\/div>\n<\/div>\n<\/div>\n<\/div>\n<\/div>\n<\/header>\n<\/div>\n<\/div>\n<\/div>\n<div dir=\"auto\"><img loading=\"lazy\" decoding=\"async\" class=\"alignnone size-full wp-image-988\" src=\"http:\/\/grrzzz.org\/wp\/wp-content\/uploads\/2017\/12\/01PosterBellechassagnewarnlighter-klein.jpg\" alt=\"\" width=\"1400\" height=\"1980\" srcset=\"https:\/\/grrzzz.org\/wp\/wp-content\/uploads\/2017\/12\/01PosterBellechassagnewarnlighter-klein.jpg 1400w, https:\/\/grrzzz.org\/wp\/wp-content\/uploads\/2017\/12\/01PosterBellechassagnewarnlighter-klein-212x300.jpg 212w, https:\/\/grrzzz.org\/wp\/wp-content\/uploads\/2017\/12\/01PosterBellechassagnewarnlighter-klein-768x1086.jpg 768w, https:\/\/grrzzz.org\/wp\/wp-content\/uploads\/2017\/12\/01PosterBellechassagnewarnlighter-klein-724x1024.jpg 724w, https:\/\/grrzzz.org\/wp\/wp-content\/uploads\/2017\/12\/01PosterBellechassagnewarnlighter-klein-1200x1697.jpg 1200w\" sizes=\"auto, (max-width: 709px) 85vw, (max-width: 909px) 67vw, (max-width: 1362px) 62vw, 840px\" \/><\/div>\n<div class=\"qzhwtbm6 knvmm38d\">\n<div class=\"kvgmc6g5 cxmmr5t8 oygrvhab hcukyx3x c1et5uql ii04i59q\">\n<div dir=\"auto\">\n<header>\n<div class=\"\" dir=\"auto\">\n<div id=\"jsc_c_7e\" class=\"ecm0bbzt hv4rvrfc ihqw7lf3 dati1w0a\" data-ad-comet-preview=\"message\" data-ad-preview=\"message\">\n<div class=\"j83agx80 cbu4d94t ew0dbk1b irj2b8pg\">\n<div class=\"qzhwtbm6 knvmm38d\">\n<div class=\"kvgmc6g5 cxmmr5t8 oygrvhab hcukyx3x c1et5uql ii04i59q\">\n<div dir=\"auto\"><\/div>\n<div dir=\"auto\"><\/div>\n<\/div>\n<\/div>\n<\/div>\n<\/div>\n<\/div>\n<\/header>\n<\/div>\n<\/div>\n<div dir=\"auto\"><\/div>\n<div class=\"kvgmc6g5 cxmmr5t8 oygrvhab hcukyx3x c1et5uql ii04i59q\">\n<div dir=\"auto\">\n<header>\n<div class=\"\" dir=\"auto\">\n<div id=\"jsc_c_7e\" class=\"ecm0bbzt hv4rvrfc ihqw7lf3 dati1w0a\" data-ad-comet-preview=\"message\" data-ad-preview=\"message\">\n<div class=\"j83agx80 cbu4d94t ew0dbk1b irj2b8pg\">\n<div class=\"qzhwtbm6 knvmm38d\">\n<div class=\"kvgmc6g5 cxmmr5t8 oygrvhab hcukyx3x c1et5uql ii04i59q\">\n<div dir=\"auto\"><\/div>\n<div dir=\"auto\">7 ao\u00fbt &#8211; GRRZZZ &#8211; caf\u00e9 associatif La Forge &#8211; La Tagni\u00e8re (71)<\/div>\n<\/div>\n<\/div>\n<\/div>\n<\/div>\n<\/div>\n<\/header>\n<\/div>\n<\/div>\n<\/div>\n<\/div>\n<\/div>\n<\/div>\n<header>\n<div class=\"\" dir=\"auto\">\n<div id=\"jsc_c_7e\" class=\"ecm0bbzt hv4rvrfc ihqw7lf3 dati1w0a\" data-ad-comet-preview=\"message\" data-ad-preview=\"message\">\n<div dir=\"auto\"><\/div>\n<div class=\"j83agx80 cbu4d94t ew0dbk1b irj2b8pg\">\n<div dir=\"auto\"><\/div>\n<div class=\"qzhwtbm6 knvmm38d\">\n<div dir=\"auto\"><img loading=\"lazy\" decoding=\"async\" class=\"alignnone size-full wp-image-984\" src=\"http:\/\/grrzzz.org\/wp\/wp-content\/uploads\/2017\/12\/Grz-affiche_FB-LaForge-coincoin-resizedFB.jpg\" alt=\"\" width=\"1400\" height=\"1750\" srcset=\"https:\/\/grrzzz.org\/wp\/wp-content\/uploads\/2017\/12\/Grz-affiche_FB-LaForge-coincoin-resizedFB.jpg 1400w, https:\/\/grrzzz.org\/wp\/wp-content\/uploads\/2017\/12\/Grz-affiche_FB-LaForge-coincoin-resizedFB-240x300.jpg 240w, https:\/\/grrzzz.org\/wp\/wp-content\/uploads\/2017\/12\/Grz-affiche_FB-LaForge-coincoin-resizedFB-768x960.jpg 768w, https:\/\/grrzzz.org\/wp\/wp-content\/uploads\/2017\/12\/Grz-affiche_FB-LaForge-coincoin-resizedFB-819x1024.jpg 819w, https:\/\/grrzzz.org\/wp\/wp-content\/uploads\/2017\/12\/Grz-affiche_FB-LaForge-coincoin-resizedFB-1200x1500.jpg 1200w\" sizes=\"auto, (max-width: 709px) 85vw, (max-width: 909px) 67vw, (max-width: 1362px) 62vw, 840px\" \/><\/div>\n<div class=\"kvgmc6g5 cxmmr5t8 oygrvhab hcukyx3x c1et5uql ii04i59q\">\n<div dir=\"auto\"><\/div>\n<div dir=\"auto\"><\/div>\n<div dir=\"auto\">11 septembre &#8211; GRRZZZ &#8211; Ouroboros &#8211; Freycenet-la-Tour (43) &#8211; orga Le Pakebot<\/div>\n<\/div>\n<\/div>\n<div dir=\"auto\"><\/div>\n<\/div>\n<div dir=\"auto\"><img loading=\"lazy\" decoding=\"async\" class=\"alignnone size-full wp-image-973\" src=\"http:\/\/grrzzz.org\/wp\/wp-content\/uploads\/2017\/12\/Grz-pakebot-11sept21.jpg\" alt=\"\" width=\"650\" height=\"960\" srcset=\"https:\/\/grrzzz.org\/wp\/wp-content\/uploads\/2017\/12\/Grz-pakebot-11sept21.jpg 650w, https:\/\/grrzzz.org\/wp\/wp-content\/uploads\/2017\/12\/Grz-pakebot-11sept21-203x300.jpg 203w\" sizes=\"auto, (max-width: 650px) 85vw, 650px\" \/><\/div>\n<div class=\"j83agx80 cbu4d94t ew0dbk1b irj2b8pg\">\n<div class=\"qzhwtbm6 knvmm38d\">\n<div class=\"kvgmc6g5 cxmmr5t8 oygrvhab hcukyx3x c1et5uql ii04i59q\">\n<div dir=\"auto\"><\/div>\n<div dir=\"auto\"><\/div>\n<div dir=\"auto\"><\/div>\n<div dir=\"auto\"><\/div>\n<div dir=\"auto\"><\/div>\n<div dir=\"auto\">Bon, c&#8217;est dit en retard, m&#8217;enfin&#8230; hier, <strong>samedi 10 juillet<\/strong>,\u00a0 1er concert &#8220;officiel&#8221; de nos 2 projets solos &#8211;<strong> J-M Tarre &amp; L\u00e9onard Kotik<\/strong> &#8211; \u00e0 l&#8217;excellent <strong>DATA<\/strong> \u00e0 Marseille. Trop bien!<\/div>\n<\/div>\n<\/div>\n<\/div>\n<\/div>\n<\/div>\n<\/header>\n<header><\/header>\n<header><img loading=\"lazy\" decoding=\"async\" class=\"alignnone size-full wp-image-955\" src=\"http:\/\/grrzzz.org\/wp\/wp-content\/uploads\/2017\/12\/HumanMonster_recovery3.jpg\" alt=\"\" width=\"2949\" height=\"2249\" srcset=\"https:\/\/grrzzz.org\/wp\/wp-content\/uploads\/2017\/12\/HumanMonster_recovery3.jpg 2949w, https:\/\/grrzzz.org\/wp\/wp-content\/uploads\/2017\/12\/HumanMonster_recovery3-300x229.jpg 300w, https:\/\/grrzzz.org\/wp\/wp-content\/uploads\/2017\/12\/HumanMonster_recovery3-768x586.jpg 768w, https:\/\/grrzzz.org\/wp\/wp-content\/uploads\/2017\/12\/HumanMonster_recovery3-1024x781.jpg 1024w, https:\/\/grrzzz.org\/wp\/wp-content\/uploads\/2017\/12\/HumanMonster_recovery3-1200x915.jpg 1200w\" sizes=\"auto, (max-width: 709px) 85vw, (max-width: 909px) 67vw, (max-width: 1362px) 62vw, 840px\" \/><\/header>\n<p>&nbsp;<\/p>\n<div class=\"\" dir=\"auto\">\n<div id=\"jsc_c_7e\" class=\"ecm0bbzt hv4rvrfc ihqw7lf3 dati1w0a\" data-ad-comet-preview=\"message\" data-ad-preview=\"message\">\n<div class=\"j83agx80 cbu4d94t ew0dbk1b irj2b8pg\">\n<div class=\"qzhwtbm6 knvmm38d\">\n<div class=\"kvgmc6g5 cxmmr5t8 oygrvhab hcukyx3x c1et5uql ii04i59q\">\n<div dir=\"auto\"><\/div>\n<div dir=\"auto\"><\/div>\n<div dir=\"auto\"><img loading=\"lazy\" decoding=\"async\" class=\"alignnone size-full wp-image-958\" src=\"http:\/\/grrzzz.org\/wp\/wp-content\/uploads\/2017\/12\/JMT-Tofs-data621-1.jpg\" alt=\"\" width=\"1204\" height=\"725\" srcset=\"https:\/\/grrzzz.org\/wp\/wp-content\/uploads\/2017\/12\/JMT-Tofs-data621-1.jpg 1204w, https:\/\/grrzzz.org\/wp\/wp-content\/uploads\/2017\/12\/JMT-Tofs-data621-1-300x181.jpg 300w, https:\/\/grrzzz.org\/wp\/wp-content\/uploads\/2017\/12\/JMT-Tofs-data621-1-768x462.jpg 768w, https:\/\/grrzzz.org\/wp\/wp-content\/uploads\/2017\/12\/JMT-Tofs-data621-1-1024x617.jpg 1024w, https:\/\/grrzzz.org\/wp\/wp-content\/uploads\/2017\/12\/JMT-Tofs-data621-1-1200x723.jpg 1200w\" sizes=\"auto, (max-width: 709px) 85vw, (max-width: 909px) 67vw, (max-width: 1362px) 62vw, 840px\" \/><\/div>\n<div dir=\"auto\"><\/div>\n<div dir=\"auto\"><\/div>\n<div dir=\"auto\"><\/div>\n<div dir=\"auto\"><\/div>\n<div dir=\"auto\"><\/div>\n<div dir=\"auto\">ENFIN!<\/div>\n<div dir=\"auto\">Sortie du nouvel EP-K7 6 titres &#8220;J-M Tarre&#8221; sur Four4, Attila Tralala, Pouetschallplatten et Degelite.<\/div>\n<\/div>\n<div class=\"o9v6fnle cxmmr5t8 oygrvhab hcukyx3x c1et5uql ii04i59q\">\n<div dir=\"auto\"><a class=\"oajrlxb2 g5ia77u1 qu0x051f esr5mh6w e9989ue4 r7d6kgcz rq0escxv nhd2j8a9 nc684nl6 p7hjln8o kvgmc6g5 cxmmr5t8 oygrvhab hcukyx3x jb3vyjys rz4wbd8a qt6c0cv9 a8nywdso i1ao9s8h esuyzwwr f1sip0of lzcic4wl py34i1dx gpro0wi8\" tabindex=\"0\" role=\"link\" href=\"https:\/\/jeanmichelle-tarre.bandcamp.com\/album\/j-m-tarre?fbclid=IwAR0tyqXW1pP4Ja8LO4oIXqIbb9i_LRBSSCirszv2ISZmttEnlnWItQQ20xg\" target=\"_blank\" rel=\"nofollow noopener\">https:\/\/jeanmichelle-tarre.bandcamp.com\/album\/j-m-tarre<\/a><\/div>\n<div dir=\"auto\"><a class=\"oajrlxb2 g5ia77u1 qu0x051f esr5mh6w e9989ue4 r7d6kgcz rq0escxv nhd2j8a9 nc684nl6 p7hjln8o kvgmc6g5 cxmmr5t8 oygrvhab hcukyx3x jb3vyjys rz4wbd8a qt6c0cv9 a8nywdso i1ao9s8h esuyzwwr f1sip0of lzcic4wl py34i1dx gpro0wi8\" tabindex=\"0\" role=\"link\" href=\"https:\/\/four4recordz.noblogs.org\/?fbclid=IwAR3q0zH8H9kma7GTyalxUwy9StI0VOJnkAfErw00-9sO_rQZhaYAtGJhnps\" target=\"_blank\" rel=\"nofollow noopener\">https:\/\/four4recordz.noblogs.org\/<\/a><\/div>\n<div dir=\"auto\">attila tralala <a class=\"oajrlxb2 g5ia77u1 qu0x051f esr5mh6w e9989ue4 r7d6kgcz rq0escxv nhd2j8a9 nc684nl6 p7hjln8o kvgmc6g5 cxmmr5t8 oygrvhab hcukyx3x jb3vyjys rz4wbd8a qt6c0cv9 a8nywdso i1ao9s8h esuyzwwr f1sip0of lzcic4wl py34i1dx gpro0wi8\" tabindex=\"0\" role=\"link\" href=\"http:\/\/onk-onk.org\/?fbclid=IwAR3rnSkxJ0W0SzfG-enxbE7_7IufyUbWhO_PHojXQ377SxXwmvyUkNpJkFM\" target=\"_blank\" rel=\"nofollow noopener\">http:\/\/onk-onk.org\/<\/a><\/div>\n<div dir=\"auto\"><a class=\"oajrlxb2 g5ia77u1 qu0x051f esr5mh6w e9989ue4 r7d6kgcz rq0escxv nhd2j8a9 nc684nl6 p7hjln8o kvgmc6g5 cxmmr5t8 oygrvhab hcukyx3x jb3vyjys rz4wbd8a qt6c0cv9 a8nywdso i1ao9s8h esuyzwwr f1sip0of lzcic4wl py34i1dx gpro0wi8\" tabindex=\"0\" role=\"link\" href=\"https:\/\/pouetschallplatten.bandcamp.com\/?fbclid=IwAR1qMLwyWacRZF9Odb7po31jPWuD1jSPaUBygtlq9V7bVB656z1XBIinydo\" target=\"_blank\" rel=\"nofollow noopener\">https:\/\/pouetschallplatten.bandcamp.com\/<\/a><a class=\"oajrlxb2 g5ia77u1 qu0x051f esr5mh6w e9989ue4 r7d6kgcz rq0escxv nhd2j8a9 nc684nl6 p7hjln8o kvgmc6g5 cxmmr5t8 oygrvhab hcukyx3x jb3vyjys rz4wbd8a qt6c0cv9 a8nywdso i1ao9s8h esuyzwwr f1sip0of lzcic4wl py34i1dx gpro0wi8\" tabindex=\"0\" role=\"link\" href=\"https:\/\/www.degelite.org\/?fbclid=IwAR0tyqXW1pP4Ja8LO4oIXqIbb9i_LRBSSCirszv2ISZmttEnlnWItQQ20xg\" target=\"_blank\" rel=\"nofollow noopener\">https:\/\/www.degelite.org<\/a><\/div>\n<div dir=\"auto\"><\/div>\n<div dir=\"auto\"><img loading=\"lazy\" decoding=\"async\" class=\"alignnone size-full wp-image-946\" src=\"http:\/\/grrzzz.org\/wp\/wp-content\/uploads\/2017\/12\/FinalCUT.jpg\" alt=\"\" width=\"1920\" height=\"2925\" srcset=\"https:\/\/grrzzz.org\/wp\/wp-content\/uploads\/2017\/12\/FinalCUT.jpg 1920w, https:\/\/grrzzz.org\/wp\/wp-content\/uploads\/2017\/12\/FinalCUT-197x300.jpg 197w, https:\/\/grrzzz.org\/wp\/wp-content\/uploads\/2017\/12\/FinalCUT-768x1170.jpg 768w, https:\/\/grrzzz.org\/wp\/wp-content\/uploads\/2017\/12\/FinalCUT-672x1024.jpg 672w, https:\/\/grrzzz.org\/wp\/wp-content\/uploads\/2017\/12\/FinalCUT-1200x1828.jpg 1200w\" sizes=\"auto, (max-width: 709px) 85vw, (max-width: 909px) 67vw, (max-width: 1362px) 62vw, 840px\" \/><\/div>\n<\/div>\n<\/div>\n<\/div>\n<\/div>\n<\/div>\n<h3><\/h3>\n<h3><\/h3>\n","protected":false},"excerpt":{"rendered":"<p>\u00a02021 EMBOBINEUSE, Marseille&#8230;.Vendredi 10 D\u00e9cembre 2021&#8230;.. Gnark gnark&#8230; les d\u00e9licats GRRZZZ vont encore vomir leur postpunk industriel \u00e0 l&#8217;Embo ce vendredi! En compagnie de MOE, apocalyptique merveille de Norv\u00e8ge, trio de braise et de glace men\u00e9e par une bassiste-chanteuse pas possible&#8230; ici les GRRZZZ on joue dans cette soir\u00e9e Radio FMR sam 27 novembre 2021, &hellip; <a href=\"https:\/\/grrzzz.org\/?page_id=1052\" class=\"more-link\">Continuer la lecture<span class=\"screen-reader-text\"> de &laquo;&nbsp;2021&nbsp;&raquo;<\/span><\/a><\/p>\n","protected":false},"author":2,"featured_media":0,"parent":60,"menu_order":2,"comment_status":"closed","ping_status":"closed","template":"","meta":{"footnotes":""},"class_list":["post-1052","page","type-page","status-publish","hentry"],"_links":{"self":[{"href":"https:\/\/grrzzz.org\/index.php?rest_route=\/wp\/v2\/pages\/1052","targetHints":{"allow":["GET"]}}],"collection":[{"href":"https:\/\/grrzzz.org\/index.php?rest_route=\/wp\/v2\/pages"}],"about":[{"href":"https:\/\/grrzzz.org\/index.php?rest_route=\/wp\/v2\/types\/page"}],"author":[{"embeddable":true,"href":"https:\/\/grrzzz.org\/index.php?rest_route=\/wp\/v2\/users\/2"}],"replies":[{"embeddable":true,"href":"https:\/\/grrzzz.org\/index.php?rest_route=%2Fwp%2Fv2%2Fcomments&post=1052"}],"version-history":[{"count":3,"href":"https:\/\/grrzzz.org\/index.php?rest_route=\/wp\/v2\/pages\/1052\/revisions"}],"predecessor-version":[{"id":1059,"href":"https:\/\/grrzzz.org\/index.php?rest_route=\/wp\/v2\/pages\/1052\/revisions\/1059"}],"up":[{"embeddable":true,"href":"https:\/\/grrzzz.org\/index.php?rest_route=\/wp\/v2\/pages\/60"}],"wp:attachment":[{"href":"https:\/\/grrzzz.org\/index.php?rest_route=%2Fwp%2Fv2%2Fmedia&parent=1052"}],"curies":[{"name":"wp","href":"https:\/\/api.w.org\/{rel}","templated":true}]}}