{"id":1060,"date":"2022-02-15T21:05:53","date_gmt":"2022-02-15T20:05:53","guid":{"rendered":"http:\/\/grrzzz.org\/?page_id=1060"},"modified":"2022-02-15T21:11:30","modified_gmt":"2022-02-15T20:11:30","slug":"2020-2","status":"publish","type":"page","link":"https:\/\/grrzzz.org\/?page_id=1060","title":{"rendered":"2020"},"content":{"rendered":"<div class=\"\" dir=\"auto\">\n<div id=\"jsc_c_7e\" class=\"ecm0bbzt hv4rvrfc ihqw7lf3 dati1w0a\" data-ad-comet-preview=\"message\" data-ad-preview=\"message\">\n<div class=\"j83agx80 cbu4d94t ew0dbk1b irj2b8pg\">\n<div class=\"qzhwtbm6 knvmm38d\">\n<div class=\"kvgmc6g5 cxmmr5t8 oygrvhab hcukyx3x c1et5uql ii04i59q\">\n<div dir=\"auto\">\n<h1>\u00a02020<\/h1>\n<\/div>\n<\/div>\n<\/div>\n<\/div>\n<\/div>\n<\/div>\n<p>Hello tout le monde, hello people,<\/p>\n<p>Nous avons beaucoup tard\u00e9 \u00e0 actualiser notre site.<\/p>\n<p>We are late on updating our website.<\/p>\n<p>Donc, suite \u00e0 ce que vous savez, toutes les dates de juin 2020 ont \u00e9t\u00e9 annul\u00e9es. Il aurait m\u00eame d\u00fb en avoir plus que celles indiqu\u00e9es, mais, mais&#8230;<\/p>\n<p>So, following &#8220;what you know&#8221;, all the June month gigs have been canceled. There were even\u00a0 more gigs to be done than noticed, but, but&#8230;<\/p>\n<p>Malgr\u00e9 tout. Despite of it all:<\/p>\n<p>&#8211; 18 juillet &#8211; Grrzzz &#8211; en Ard\u00e8che, organis\u00e9 sous chapiteau par Orge Profonde asso, \u00e0 St Andeol-de-Berg, \u00e0 c\u00f4t\u00e9 de Villeneuve-de-Berg,\u00a0 w\/Michel + La Bistre + Mauvaise Surprise + surprises<\/p>\n<p>&#8211; 25 juin &#8211; Grrzzz &#8211; en streaming avec beaucoup de monde dans un show web-t\u00e9l\u00e9 bien barje \u00e0 l&#8217;Embobineuse \u00e0 Marseille &gt;&gt;&gt;\u00a0<a href=\"https:\/\/www.facebook.com\/events\/2972219652872650\/\"> https:\/\/www.facebook.com\/events\/2972219652872650\/<\/a><\/p>\n<p>&#8211; 21 juin ( c&#8217;est pass\u00e9, mais c&#8217;\u00e9tait tr\u00e8s tr\u00e8s agr\u00e9able! ) ) &#8211; Grrzzz &#8211; \u00e0 DATA &#8211; MARSEILLE\u00a0 w\/ O.RAGE<\/p>\n<p>&#8211; 5 juin ( c&#8217;est pass\u00e9, mais bon ) &#8211; L\u00e9onard Kotik &#8211; en streaming \u00e0 l&#8217;Embobineuse \u00e0 Marseille avec EnfinSeule<\/p>\n<p><img loading=\"lazy\" decoding=\"async\" class=\"alignnone size-full wp-image-917\" src=\"http:\/\/grrzzz.org\/wp\/wp-content\/uploads\/2017\/12\/PrSites-Fly-Exterieur-redimension.jpg\" alt=\"\" width=\"850\" height=\"602\" srcset=\"https:\/\/grrzzz.org\/wp\/wp-content\/uploads\/2017\/12\/PrSites-Fly-Exterieur-redimension.jpg 850w, https:\/\/grrzzz.org\/wp\/wp-content\/uploads\/2017\/12\/PrSites-Fly-Exterieur-redimension-300x212.jpg 300w, https:\/\/grrzzz.org\/wp\/wp-content\/uploads\/2017\/12\/PrSites-Fly-Exterieur-redimension-768x544.jpg 768w\" sizes=\"auto, (max-width: 709px) 85vw, (max-width: 909px) 67vw, (max-width: 1362px) 62vw, 840px\" \/><\/p>\n<p>29 f\u00e9vrier &#8211; GRRZZZ &#8211; fest Bugey c Trip Hiver #10 &#8211; HAUTEVILLE 01<\/p>\n<p>4 avril &#8211; GRRZZZ &#8211; Dar Lamifa &#8211; MARSEILLE &#8211; Soutien \u00e0 CQFD<\/p>\n<p>25 avril &#8211; L\u00e9onard KOTIK &#8211; l&#8217;Embobineuse &#8211; MARSEILLE &#8211; w\/Fleuves Noirs<\/p>\n<p><img loading=\"lazy\" decoding=\"async\" class=\"alignnone size-full wp-image-926\" src=\"http:\/\/grrzzz.org\/wp\/wp-content\/uploads\/2017\/12\/seribo-plus-grand.jpg\" alt=\"\" width=\"624\" height=\"628\" srcset=\"https:\/\/grrzzz.org\/wp\/wp-content\/uploads\/2017\/12\/seribo-plus-grand.jpg 624w, https:\/\/grrzzz.org\/wp\/wp-content\/uploads\/2017\/12\/seribo-plus-grand-150x150.jpg 150w, https:\/\/grrzzz.org\/wp\/wp-content\/uploads\/2017\/12\/seribo-plus-grand-298x300.jpg 298w\" sizes=\"auto, (max-width: 624px) 85vw, 624px\" \/><\/p>\n<p>6 juin &#8211; GRRZZZ &#8211; &#8211; fest Seribo Micro-Edition &#8211; MONTMEYRAN 26<\/p>\n<p>10 juin &#8211; GRRZZZ &#8211; Raymond Bar &#8211; CLERMONT-FERRAND 63 &#8230;\u00a0 avec Psychic Graveyard (\u00a0 trop bien! ) et Zeus<\/p>\n<p>19 june &#8211; GRRZZZ &#8211; Kochareal &#8211; Z\u00dcRICH CH &#8211; w\/Trottoir et Paranoianormal<\/p>\n<p>20 juin &#8211; GRRZZZ &#8211; Un Peu de Piment &#8211; MOYEN 54<\/p>\n<p>21 juin &#8211; GRRZZZ &#8211; soir\u00e9e ODL &#8211; MULHOUSE 68 &#8211;\u00a0 + infos + tard<\/p>\n<h3><\/h3>\n<p><img loading=\"lazy\" decoding=\"async\" class=\"alignnone size-full wp-image-905\" src=\"http:\/\/grrzzz.org\/wp\/wp-content\/uploads\/2017\/12\/EMBO-janv20.jpg\" alt=\"\" width=\"859\" height=\"581\" srcset=\"https:\/\/grrzzz.org\/wp\/wp-content\/uploads\/2017\/12\/EMBO-janv20.jpg 859w, https:\/\/grrzzz.org\/wp\/wp-content\/uploads\/2017\/12\/EMBO-janv20-300x203.jpg 300w, https:\/\/grrzzz.org\/wp\/wp-content\/uploads\/2017\/12\/EMBO-janv20-768x519.jpg 768w\" sizes=\"auto, (max-width: 709px) 85vw, (max-width: 909px) 67vw, (max-width: 1362px) 62vw, 840px\" \/><\/p>\n<p>23 janvier &#8211; Jean-Michelle TARRE\u00a0 &#8211; L&#8217;Embobineuse &#8211; MARSEILLE\u00a0 w\/Les Morts Vont Bien et Paolo Conte<\/p>\n<p><img loading=\"lazy\" decoding=\"async\" class=\"alignnone size-full wp-image-908\" src=\"http:\/\/grrzzz.org\/wp\/wp-content\/uploads\/2017\/12\/LKccrtFevAsil-version19janv.jpg\" alt=\"\" width=\"794\" height=\"794\" srcset=\"https:\/\/grrzzz.org\/wp\/wp-content\/uploads\/2017\/12\/LKccrtFevAsil-version19janv.jpg 794w, https:\/\/grrzzz.org\/wp\/wp-content\/uploads\/2017\/12\/LKccrtFevAsil-version19janv-150x150.jpg 150w, https:\/\/grrzzz.org\/wp\/wp-content\/uploads\/2017\/12\/LKccrtFevAsil-version19janv-300x300.jpg 300w, https:\/\/grrzzz.org\/wp\/wp-content\/uploads\/2017\/12\/LKccrtFevAsil-version19janv-768x768.jpg 768w\" sizes=\"auto, (max-width: 794px) 85vw, 794px\" \/><\/p>\n<p>7 f\u00e9vier &#8211; L\u00e9onard KOTIK &#8211; Asile 404 &#8211; MARSEILLE \u00a0 + infos bient\u00f4t<\/p>\n<p>8 f\u00e9vrier &#8211; Jean-Michelle TARRE &#8211; Brasserie Communale &#8211; MARSEILLE\u00a0 + infos bient\u00f4t<\/p>\n<p>&nbsp;<\/p>\n","protected":false},"excerpt":{"rendered":"<p>\u00a02020 Hello tout le monde, hello people, Nous avons beaucoup tard\u00e9 \u00e0 actualiser notre site. We are late on updating our website. Donc, suite \u00e0 ce que vous savez, toutes les dates de juin 2020 ont \u00e9t\u00e9 annul\u00e9es. Il aurait m\u00eame d\u00fb en avoir plus que celles indiqu\u00e9es, mais, mais&#8230; So, following &#8220;what you know&#8221;, &hellip; <a href=\"https:\/\/grrzzz.org\/?page_id=1060\" class=\"more-link\">Continuer la lecture<span class=\"screen-reader-text\"> de &laquo;&nbsp;2020&nbsp;&raquo;<\/span><\/a><\/p>\n","protected":false},"author":2,"featured_media":0,"parent":60,"menu_order":1,"comment_status":"closed","ping_status":"closed","template":"","meta":{"footnotes":""},"class_list":["post-1060","page","type-page","status-publish","hentry"],"_links":{"self":[{"href":"https:\/\/grrzzz.org\/index.php?rest_route=\/wp\/v2\/pages\/1060","targetHints":{"allow":["GET"]}}],"collection":[{"href":"https:\/\/grrzzz.org\/index.php?rest_route=\/wp\/v2\/pages"}],"about":[{"href":"https:\/\/grrzzz.org\/index.php?rest_route=\/wp\/v2\/types\/page"}],"author":[{"embeddable":true,"href":"https:\/\/grrzzz.org\/index.php?rest_route=\/wp\/v2\/users\/2"}],"replies":[{"embeddable":true,"href":"https:\/\/grrzzz.org\/index.php?rest_route=%2Fwp%2Fv2%2Fcomments&post=1060"}],"version-history":[{"count":2,"href":"https:\/\/grrzzz.org\/index.php?rest_route=\/wp\/v2\/pages\/1060\/revisions"}],"predecessor-version":[{"id":1065,"href":"https:\/\/grrzzz.org\/index.php?rest_route=\/wp\/v2\/pages\/1060\/revisions\/1065"}],"up":[{"embeddable":true,"href":"https:\/\/grrzzz.org\/index.php?rest_route=\/wp\/v2\/pages\/60"}],"wp:attachment":[{"href":"https:\/\/grrzzz.org\/index.php?rest_route=%2Fwp%2Fv2%2Fmedia&parent=1060"}],"curies":[{"name":"wp","href":"https:\/\/api.w.org\/{rel}","templated":true}]}}