{"id":425,"date":"2017-12-25T15:34:53","date_gmt":"2017-12-25T14:34:53","guid":{"rendered":"http:\/\/grrzzz.org\/wp\/?page_id=425"},"modified":"2023-10-23T23:06:59","modified_gmt":"2023-10-23T22:06:59","slug":"jean-michelle-tarre","status":"publish","type":"page","link":"https:\/\/grrzzz.org\/?page_id=425","title":{"rendered":"Jean-Michelle Tarre"},"content":{"rendered":"<p><img loading=\"lazy\" decoding=\"async\" class=\"alignnone size-medium wp-image-618\" src=\"http:\/\/grrzzz.org\/wp\/wp-content\/uploads\/2018\/11\/JMT-pr-laforge-225x300.jpg\" alt=\"\" width=\"225\" height=\"300\" srcset=\"https:\/\/grrzzz.org\/wp\/wp-content\/uploads\/2018\/11\/JMT-pr-laforge-225x300.jpg 225w, https:\/\/grrzzz.org\/wp\/wp-content\/uploads\/2018\/11\/JMT-pr-laforge-768x1024.jpg 768w, https:\/\/grrzzz.org\/wp\/wp-content\/uploads\/2018\/11\/JMT-pr-laforge-1200x1600.jpg 1200w, https:\/\/grrzzz.org\/wp\/wp-content\/uploads\/2018\/11\/JMT-pr-laforge.jpg 1400w\" sizes=\"auto, (max-width: 225px) 85vw, 225px\" \/><\/p>\n<p><span style=\"color: #00ffff;\"><b>CONCERTS<\/b><\/span><\/p>\n<p>C&#8217;est l&#8217;anniv de<span style=\"color: #00ffff;\"> JMTARRE<\/span>! Venez vous cramer les oreilles au concert qu&#8217;elle donne en compagnie de KABAAL et IAN LINTER:<\/p>\n<p>26 Octobre &#8211; <span style=\"color: #00ffff;\">JMTARRE<\/span> &#8211; MARSEILLE &#8211; <span style=\"color: #00ffff;\">Soma<\/span>\u00a0 w\/Kabaal et Ian Linter<\/p>\n<p><img loading=\"lazy\" decoding=\"async\" class=\"alignnone size-large wp-image-1273\" src=\"http:\/\/grrzzz.org\/wp\/wp-content\/uploads\/2023\/10\/Riri-Soma-oct23-1024x993.jpg\" alt=\"\" width=\"840\" height=\"815\" srcset=\"https:\/\/grrzzz.org\/wp\/wp-content\/uploads\/2023\/10\/Riri-Soma-oct23-1024x993.jpg 1024w, https:\/\/grrzzz.org\/wp\/wp-content\/uploads\/2023\/10\/Riri-Soma-oct23-300x291.jpg 300w, https:\/\/grrzzz.org\/wp\/wp-content\/uploads\/2023\/10\/Riri-Soma-oct23-768x745.jpg 768w, https:\/\/grrzzz.org\/wp\/wp-content\/uploads\/2023\/10\/Riri-Soma-oct23-1200x1164.jpg 1200w, https:\/\/grrzzz.org\/wp\/wp-content\/uploads\/2023\/10\/Riri-Soma-oct23.jpg 1400w\" sizes=\"auto, (max-width: 709px) 85vw, (max-width: 909px) 67vw, (max-width: 1362px) 62vw, 840px\" \/><\/p>\n<p>&nbsp;<\/p>\n<p><strong><span style=\"color: #00ffff;\">NB:<\/span> Cette page n&#8217;a pas \u00e9t\u00e9 mise \u00e0 jour depuis longtemps! Les dates de ces derni\u00e8res ann\u00e9es ( il y en a beaucoup ) sont d\u00e9voil\u00e9es sur le chapitre &#8220;tours&#8221; de ce site, accessible depuis la page d&#8217;accueil. Voici quand m\u00eame les derni\u00e8res.<\/strong><\/p>\n<p><strong><span style=\"color: #00ffff;\">NB:<\/span> This page is not updated for looooong now! Gigs from these previous years ( a lot ) are showed up on the &#8220;tours&#8221; chapter of the site, available on the home page. Anyway here are the very last ones.<\/strong><\/p>\n<p><span style=\"color: #00ffff;\"><strong>JM.TARRE\u00a0 \/\u00a0 L\u00c9ONARD KOTIK TOUR September 23<\/strong><\/span><\/p>\n<p><span style=\"color: #00ffff;\"><strong>L\u00e9onard Kotik<\/strong><\/span><\/p>\n<p><strong>8 September &#8211; <span style=\"color: #00ffff;\">PARIS<\/span> &#8211; L&#8217;International<\/strong><\/p>\n<p><span style=\"color: #00ffff;\"><strong>JM.Tarre<\/strong><\/span><\/p>\n<p><strong>9 September &#8211; <span style=\"color: #00ffff;\">VITRY s\/Seine<\/span> &#8211; Fest Frisson Acidul\u00e9<\/strong><\/p>\n<p><span style=\"color: #00ffff;\"><strong>JM.TARRE \/ L\u00c9ONARD KOTIK<\/strong><\/span><\/p>\n<p><strong>14 September &#8211;<span style=\"color: #00ffff;\"> AMIENS<\/span>&#8211; L&#8217;accueil Froid\u00a0\u00a0\u00a0\u00a0\u00a0\u00a0\u00a0\u00a0\u00a0\u00a0\u00a0\u00a0\u00a0\u00a0\u00a0\u00a0\u00a0\u00a0\u00a0\u00a0\u00a0\u00a0\u00a0\u00a0\u00a0\u00a0\u00a0\u00a0\u00a0\u00a0\u00a0\u00a0\u00a0\u00a0\u00a0\u00a0\u00a0\u00a0\u00a0\u00a0\u00a0\u00a0\u00a0\u00a0\u00a0\u00a0\u00a0\u00a0\u00a0\u00a0\u00a0\u00a0\u00a0\u00a0\u00a0\u00a0\u00a0\u00a0\u00a0\u00a0\u00a0\u00a0\u00a0\u00a0\u00a0\u00a0\u00a0\u00a0\u00a0\u00a0\u00a0\u00a0\u00a0\u00a0\u00a0\u00a0\u00a0\u00a0\u00a0\u00a0\u00a0\u00a0\u00a0\u00a0\u00a0\u00a0\u00a0\u00a0\u00a0\u00a0\u00a0\u00a0\u00a0\u00a0\u00a0\u00a0\u00a0\u00a0\u00a0\u00a0\u00a0\u00a0\u00a0\u00a0\u00a0\u00a0\u00a0\u00a0\u00a0\u00a0\u00a0\u00a0\u00a0\u00a0\u00a0\u00a0\u00a0\u00a0\u00a0\u00a0\u00a0\u00a0\u00a0\u00a0\u00a0\u00a0\u00a0\u00a0\u00a0\u00a0 V 15 September &#8211; <span style=\"color: #00ffff;\">BRUXELLES<\/span> &#8211; le 370 Grados\u00a0\u00a0\u00a0\u00a0\u00a0\u00a0\u00a0\u00a0\u00a0\u00a0\u00a0\u00a0\u00a0\u00a0\u00a0\u00a0\u00a0\u00a0\u00a0\u00a0\u00a0\u00a0\u00a0\u00a0\u00a0\u00a0\u00a0\u00a0\u00a0\u00a0\u00a0\u00a0\u00a0\u00a0\u00a0\u00a0\u00a0\u00a0\u00a0\u00a0\u00a0\u00a0\u00a0\u00a0\u00a0\u00a0\u00a0\u00a0\u00a0\u00a0\u00a0\u00a0\u00a0\u00a0\u00a0\u00a0\u00a0\u00a0\u00a0\u00a0\u00a0\u00a0\u00a0\u00a0\u00a0\u00a0\u00a0\u00a0\u00a0\u00a0\u00a0\u00a0\u00a0\u00a0\u00a0\u00a0\u00a0\u00a0\u00a0\u00a0\u00a0\u00a0\u00a0\u00a0\u00a0\u00a0\u00a0\u00a0\u00a0\u00a0\u00a0\u00a0\u00a0\u00a0\u00a0\u00a0\u00a0\u00a0\u00a0\u00a0\u00a0\u00a0\u00a0\u00a0\u00a0\u00a0\u00a0\u00a0\u00a0\u00a0\u00a0\u00a0\u00a0\u00a0\u00a0\u00a0\u00a0\u00a0\u00a0\u00a0\u00a0\u00a0\u00a0\u00a0 S 16 September &#8211; <span style=\"color: #00ffff;\">LILLE<\/span> &#8211; le CCL\u00a0\u00a0\u00a0\u00a0\u00a0\u00a0\u00a0\u00a0\u00a0\u00a0\u00a0\u00a0\u00a0\u00a0\u00a0\u00a0\u00a0\u00a0\u00a0\u00a0\u00a0\u00a0\u00a0\u00a0\u00a0\u00a0\u00a0\u00a0\u00a0\u00a0\u00a0\u00a0\u00a0\u00a0\u00a0\u00a0\u00a0\u00a0\u00a0\u00a0\u00a0\u00a0\u00a0\u00a0\u00a0\u00a0\u00a0\u00a0\u00a0\u00a0\u00a0\u00a0\u00a0\u00a0\u00a0\u00a0\u00a0\u00a0\u00a0\u00a0\u00a0\u00a0\u00a0\u00a0\u00a0\u00a0\u00a0\u00a0\u00a0\u00a0\u00a0\u00a0\u00a0\u00a0\u00a0\u00a0\u00a0\u00a0\u00a0\u00a0\u00a0\u00a0\u00a0\u00a0\u00a0\u00a0\u00a0\u00a0\u00a0\u00a0\u00a0\u00a0\u00a0\u00a0\u00a0\u00a0\u00a0\u00a0\u00a0\u00a0\u00a0\u00a0\u00a0\u00a0\u00a0\u00a0\u00a0\u00a0\u00a0\u00a0\u00a0\u00a0\u00a0\u00a0\u00a0\u00a0\u00a0\u00a0\u00a0\u00a0\u00a0\u00a0\u00a0\u00a0\u00a0\u00a0\u00a0\u00a0\u00a0\u00a0\u00a0\u00a0\u00a0\u00a0\u00a0\u00a0\u00a0\u00a0\u00a0\u00a0\u00a0\u00a0\u00a0\u00a0\u00a0\u00a0\u00a0\u00a0\u00a0\u00a0\u00a0\u00a0\u00a0\u00a0 S 23 September &#8211;<span style=\"color: #00ffff;\"> MAZENAY<\/span> &#8211; l&#8217;Intermittent<\/strong><\/p>\n<p>&nbsp;<\/p>\n<p><a href=\"https:\/\/jeanmichelle-tarre.bandcamp.com\">LINKHERELINKHERELINK<\/a><\/p>\n<p><span style=\"font-family: Arial,sans-serif;\"><b>JMT est une sorte d\u2019OVNI solitaire dans des t\u00e9n\u00e8bres sans fin. Elle est la moiti\u00e9 du duo Grrzzz, et l\u00e0 elle joue seule ses propres obsessions. Une voix spectrale et tordue de m\u00eame que de tr\u00e8s petites machines*** avec un gros son vous feront ex\u00e9cuter la c\u00e9l\u00e8bre danse de St Guy. Cela sonne et cela se regarde comme un \u00e9norme fleuve de goudron d\u00e9cid\u00e9 \u00e0 atteindre son but par tous les moyens n\u00e9cessaires\u2026 avec un sourire strident autant qu\u2019aigre-doux.<\/b><\/span><\/p>\n<p><span style=\"font-family: Arial,sans-serif;\"><b>***les machines: une mini-bo\u00eete \u00e0 rythmes, un sampler, un clavier jou\u00e9 pour de bon, la satanique p\u00e9dale disto m\u00e9talzone et une bo\u00eete d\u2019effets voix couverte de clous. <\/b><\/span><\/p>\n<p><iframe loading=\"lazy\" width=\"840\" height=\"473\" src=\"https:\/\/www.youtube.com\/embed\/KjxmmW5BZwg?feature=oembed\" frameborder=\"0\" allow=\"accelerometer; autoplay; clipboard-write; encrypted-media; gyroscope; picture-in-picture; web-share\" allowfullscreen title=\"M\u00e9daille de flic - Jean-Michelle TARRE\"><\/iframe><\/p>\n<p>&nbsp;<\/p>\n","protected":false},"excerpt":{"rendered":"<p>CONCERTS C&#8217;est l&#8217;anniv de JMTARRE! Venez vous cramer les oreilles au concert qu&#8217;elle donne en compagnie de KABAAL et IAN LINTER: 26 Octobre &#8211; JMTARRE &#8211; MARSEILLE &#8211; Soma\u00a0 w\/Kabaal et Ian Linter &nbsp; NB: Cette page n&#8217;a pas \u00e9t\u00e9 mise \u00e0 jour depuis longtemps! Les dates de ces derni\u00e8res ann\u00e9es ( il y en &hellip; <a href=\"https:\/\/grrzzz.org\/?page_id=425\" class=\"more-link\">Continuer la lecture<span class=\"screen-reader-text\"> de &laquo;&nbsp;Jean-Michelle Tarre&nbsp;&raquo;<\/span><\/a><\/p>\n","protected":false},"author":2,"featured_media":0,"parent":0,"menu_order":0,"comment_status":"closed","ping_status":"closed","template":"","meta":{"footnotes":""},"class_list":["post-425","page","type-page","status-publish","hentry"],"_links":{"self":[{"href":"https:\/\/grrzzz.org\/index.php?rest_route=\/wp\/v2\/pages\/425","targetHints":{"allow":["GET"]}}],"collection":[{"href":"https:\/\/grrzzz.org\/index.php?rest_route=\/wp\/v2\/pages"}],"about":[{"href":"https:\/\/grrzzz.org\/index.php?rest_route=\/wp\/v2\/types\/page"}],"author":[{"embeddable":true,"href":"https:\/\/grrzzz.org\/index.php?rest_route=\/wp\/v2\/users\/2"}],"replies":[{"embeddable":true,"href":"https:\/\/grrzzz.org\/index.php?rest_route=%2Fwp%2Fv2%2Fcomments&post=425"}],"version-history":[{"count":17,"href":"https:\/\/grrzzz.org\/index.php?rest_route=\/wp\/v2\/pages\/425\/revisions"}],"predecessor-version":[{"id":1275,"href":"https:\/\/grrzzz.org\/index.php?rest_route=\/wp\/v2\/pages\/425\/revisions\/1275"}],"wp:attachment":[{"href":"https:\/\/grrzzz.org\/index.php?rest_route=%2Fwp%2Fv2%2Fmedia&parent=425"}],"curies":[{"name":"wp","href":"https:\/\/api.w.org\/{rel}","templated":true}]}}