{"id":433,"date":"2017-12-25T15:44:41","date_gmt":"2017-12-25T14:44:41","guid":{"rendered":"http:\/\/grrzzz.org\/wp\/?page_id=433"},"modified":"2024-07-30T13:39:36","modified_gmt":"2024-07-30T12:39:36","slug":"leonard-kotik","status":"publish","type":"page","link":"https:\/\/grrzzz.org\/?page_id=433","title":{"rendered":"L\u00e9onard Kotik"},"content":{"rendered":"<p><img loading=\"lazy\" decoding=\"async\" class=\"alignnone size-medium wp-image-843\" src=\"http:\/\/grrzzz.org\/wp\/wp-content\/uploads\/2017\/12\/LK-Tunnel-remani---petitetitre-2-225x300.jpg\" alt=\"\" width=\"225\" height=\"300\" srcset=\"https:\/\/grrzzz.org\/wp\/wp-content\/uploads\/2017\/12\/LK-Tunnel-remani---petitetitre-2-225x300.jpg 225w, https:\/\/grrzzz.org\/wp\/wp-content\/uploads\/2017\/12\/LK-Tunnel-remani---petitetitre-2.jpg 397w\" sizes=\"auto, (max-width: 225px) 85vw, 225px\" \/><\/p>\n<p><a href=\"https:\/\/leonard-kotik.bandcamp.com\/\">ICI\/HERE &gt;&gt;&gt; LINK &gt;&gt;&gt; MUSIK<\/a><\/p>\n<p><span style=\"color: #00ffff;\"><b>CONCERTS<\/b><\/span><\/p>\n<p><strong><span style=\"color: #00ffff;\">NB:<\/span> cette page n&#8217;\u00e9tait\u00a0 pas\u00a0 mise \u00e0 jour depuis longtemps!\u00a0 Les dates de ces derni\u00e8res ann\u00e9es ( il y en a beaucoup ) sont d\u00e9voil\u00e9es dans le chapitre &#8220;tours&#8221; de ce site, accessible sur la page d&#8217;accueil. Voici quand m\u00eame les derni\u00e8res.<\/strong><\/p>\n<p><strong><span style=\"color: #00ffff;\">NB:<\/span> This page was not updated for looooong now! Gigs from these previous years ( a lot ) are showed up in the &#8220;tours&#8221; chapter of the site, available on the home page. Anyway here are the very last ones.\u00a0 <\/strong><\/p>\n<p><span style=\"color: #00ffff;\">L\u00c9ONARD KOTIK<\/span>: concert d\u00e9j\u00e0 fait \u00e0 <span style=\"color: #00ffff;\">Scell\u00e9s (46)<\/span> avec tout un tas de bons trucs. <span style=\"color: #00ffff;\">20 Juillet Festival Doline 427<\/span>&#8230; c&#8217;tait chanm\u00e9&#8230;<\/p>\n<p><img loading=\"lazy\" decoding=\"async\" class=\"alignnone size-large wp-image-1333\" src=\"http:\/\/grrzzz.org\/wp\/wp-content\/uploads\/2024\/07\/Scelles-fest-2024-724x1024.jpg\" alt=\"\" width=\"724\" height=\"1024\" srcset=\"https:\/\/grrzzz.org\/wp\/wp-content\/uploads\/2024\/07\/Scelles-fest-2024-724x1024.jpg 724w, https:\/\/grrzzz.org\/wp\/wp-content\/uploads\/2024\/07\/Scelles-fest-2024-212x300.jpg 212w, https:\/\/grrzzz.org\/wp\/wp-content\/uploads\/2024\/07\/Scelles-fest-2024-768x1087.jpg 768w, https:\/\/grrzzz.org\/wp\/wp-content\/uploads\/2024\/07\/Scelles-fest-2024-1200x1698.jpg 1200w, https:\/\/grrzzz.org\/wp\/wp-content\/uploads\/2024\/07\/Scelles-fest-2024.jpg 1400w\" sizes=\"auto, (max-width: 724px) 85vw, 724px\" \/><\/p>\n<p><span style=\"color: #00ffff;\">LEONARD KOTIK<\/span>: concert d\u00e9j\u00e0 fait aussi haha, tr\u00e8s bonne ambiance. concert already performed haha, very good mood..<\/p>\n<p>Hola peuple en danger! Ce Vendredi <span style=\"color: #00ffff;\">28 Juin<\/span> 19h au Bar Jo 41 rue belle de Mai, <span style=\"color: #00ffff;\">MARSEILLE,<\/span> L\u00e9onard Kotik, votre ambianceur pr\u00e9f\u00e9r\u00e9 des salles d&#8217;autopsie, va vous glacer les os. IL Y AURA AUSSI 2 excellents solos from USA: Jacob WINANS (harshnoise NYC) et Some PEPPER (Charmaine&#8217;s name)<\/p>\n<p><img loading=\"lazy\" decoding=\"async\" class=\"alignnone size-large wp-image-1324\" src=\"http:\/\/grrzzz.org\/wp\/wp-content\/uploads\/2024\/07\/LK-barjo-1024x914.jpg\" alt=\"\" width=\"840\" height=\"750\" srcset=\"https:\/\/grrzzz.org\/wp\/wp-content\/uploads\/2024\/07\/LK-barjo-1024x914.jpg 1024w, https:\/\/grrzzz.org\/wp\/wp-content\/uploads\/2024\/07\/LK-barjo-300x268.jpg 300w, https:\/\/grrzzz.org\/wp\/wp-content\/uploads\/2024\/07\/LK-barjo-768x686.jpg 768w, https:\/\/grrzzz.org\/wp\/wp-content\/uploads\/2024\/07\/LK-barjo-1200x1071.jpg 1200w, https:\/\/grrzzz.org\/wp\/wp-content\/uploads\/2024\/07\/LK-barjo.jpg 1568w\" sizes=\"auto, (max-width: 709px) 85vw, (max-width: 909px) 67vw, (max-width: 1362px) 62vw, 840px\" \/><\/p>\n<p><span style=\"color: #00ffff;\">LEONARD KOTIK<\/span>&#8230; venez vous perdre dans son labyrinthe de glaces d\u00e9formantes. Cold indus&#8230; cold indus&#8230; cold indus. Vendredi 26 Janvier 2924 \u00e0 la DAR, <span style=\"color: #00ffff;\">Marseille<\/span> avec aussi BARDAK<\/p>\n<p><img loading=\"lazy\" decoding=\"async\" class=\"alignnone size-large wp-image-1294\" src=\"http:\/\/grrzzz.org\/wp\/wp-content\/uploads\/2024\/02\/LK-CCRT-26janv24-1024x768.jpg\" alt=\"\" width=\"840\" height=\"630\" srcset=\"https:\/\/grrzzz.org\/wp\/wp-content\/uploads\/2024\/02\/LK-CCRT-26janv24-1024x768.jpg 1024w, https:\/\/grrzzz.org\/wp\/wp-content\/uploads\/2024\/02\/LK-CCRT-26janv24-300x225.jpg 300w, https:\/\/grrzzz.org\/wp\/wp-content\/uploads\/2024\/02\/LK-CCRT-26janv24-768x576.jpg 768w, https:\/\/grrzzz.org\/wp\/wp-content\/uploads\/2024\/02\/LK-CCRT-26janv24-1200x900.jpg 1200w, https:\/\/grrzzz.org\/wp\/wp-content\/uploads\/2024\/02\/LK-CCRT-26janv24.jpg 1867w\" sizes=\"auto, (max-width: 709px) 85vw, (max-width: 909px) 67vw, (max-width: 1362px) 62vw, 840px\" \/><\/p>\n<p><span style=\"color: #00ffff;\"><strong>JM.TARRE \/ L\u00c9ONARD KOTIK TOUR September 23<\/strong><\/span><\/p>\n<p><span style=\"color: #00ffff;\"><strong>L\u00e9onard Kotik<\/strong><\/span><\/p>\n<p><strong>8 september &#8211; <span style=\"color: #00ffff;\">PARIS<\/span> &#8211; L&#8217;International<\/strong><\/p>\n<p><span style=\"color: #00ffff;\"><strong>JM.Tarre<\/strong><\/span><\/p>\n<p><strong>9 september &#8211; <span style=\"color: #00ffff;\">VITRY s\/ Seine<\/span> &#8211; Fest Frisson Acidul\u00e9<\/strong><\/p>\n<p><span style=\"color: #00ffff;\"><strong>JM.TARRE \/ L\u00c9ONARD KOTIK<\/strong><\/span><\/p>\n<p><strong>14 september &#8211; <span style=\"color: #00ffff;\">AMIENS<\/span> &#8211; L&#8217;accueil Froid \u00a0 \u00a0 \u00a0 \u00a0\u00a0\u00a0\u00a0\u00a0\u00a0\u00a0\u00a0\u00a0\u00a0\u00a0\u00a0\u00a0\u00a0\u00a0\u00a0\u00a0\u00a0\u00a0\u00a0\u00a0\u00a0\u00a0\u00a0\u00a0\u00a0\u00a0\u00a0\u00a0\u00a0\u00a0\u00a0\u00a0\u00a0\u00a0\u00a0\u00a0\u00a0\u00a0\u00a0\u00a0\u00a0\u00a0\u00a0\u00a0\u00a0\u00a0\u00a0\u00a0\u00a0\u00a0\u00a0\u00a0\u00a0\u00a0\u00a0\u00a0\u00a0\u00a0\u00a0\u00a0\u00a0\u00a0\u00a0\u00a0\u00a0\u00a0\u00a0\u00a0\u00a0\u00a0\u00a0\u00a0\u00a0\u00a0\u00a0\u00a0\u00a0\u00a0\u00a0\u00a0\u00a0\u00a0\u00a0\u00a0\u00a0\u00a0\u00a0\u00a0\u00a0\u00a0\u00a0\u00a0\u00a0\u00a0\u00a0\u00a0\u00a0\u00a0\u00a0\u00a0\u00a0\u00a0\u00a0\u00a0\u00a0\u00a0\u00a0\u00a0\u00a0\u00a0\u00a0\u00a0\u00a0\u00a0\u00a0\u00a0\u00a0\u00a0\u00a0\u00a0\u00a0\u00a0\u00a0 15\u00a0september &#8211; <span style=\"color: #00ffff;\">BRUXELLES<\/span> &#8211; le 370 GRADOS \u00a0 \u00a0 \u00a0 \u00a0\u00a0\u00a0\u00a0\u00a0\u00a0\u00a0\u00a0\u00a0\u00a0\u00a0\u00a0\u00a0\u00a0\u00a0\u00a0\u00a0\u00a0\u00a0\u00a0\u00a0\u00a0\u00a0\u00a0\u00a0\u00a0\u00a0\u00a0\u00a0\u00a0\u00a0\u00a0\u00a0\u00a0\u00a0\u00a0\u00a0\u00a0\u00a0\u00a0\u00a0\u00a0\u00a0\u00a0\u00a0\u00a0\u00a0\u00a0\u00a0\u00a0\u00a0\u00a0\u00a0\u00a0\u00a0\u00a0\u00a0\u00a0\u00a0\u00a0\u00a0\u00a0\u00a0\u00a0\u00a0\u00a0\u00a0\u00a0\u00a0\u00a0\u00a0\u00a0\u00a0\u00a0\u00a0\u00a0\u00a0\u00a0\u00a0\u00a0\u00a0\u00a0\u00a0\u00a0\u00a0\u00a0\u00a0\u00a0\u00a0\u00a0\u00a0\u00a0\u00a0\u00a0\u00a0\u00a0\u00a0\u00a0\u00a0\u00a0\u00a0\u00a0\u00a0\u00a0\u00a0\u00a0\u00a0\u00a0\u00a0\u00a0\u00a0\u00a0\u00a0\u00a0\u00a0\u00a0 16\u00a0september &#8211; <span style=\"color: #00ffff;\">LILLE<\/span> &#8211; le CCL \u00a0\u00a0\u00a0 \u00a0 \u00a0\u00a0\u00a0\u00a0\u00a0\u00a0\u00a0\u00a0\u00a0\u00a0\u00a0\u00a0\u00a0\u00a0\u00a0\u00a0\u00a0\u00a0\u00a0\u00a0\u00a0\u00a0\u00a0\u00a0\u00a0\u00a0\u00a0\u00a0\u00a0\u00a0\u00a0\u00a0\u00a0\u00a0\u00a0\u00a0\u00a0\u00a0\u00a0\u00a0\u00a0\u00a0\u00a0\u00a0\u00a0\u00a0\u00a0\u00a0\u00a0\u00a0\u00a0\u00a0\u00a0\u00a0\u00a0\u00a0\u00a0\u00a0\u00a0\u00a0\u00a0\u00a0\u00a0\u00a0\u00a0\u00a0\u00a0\u00a0\u00a0\u00a0\u00a0\u00a0\u00a0\u00a0\u00a0\u00a0\u00a0\u00a0\u00a0\u00a0\u00a0\u00a0\u00a0\u00a0\u00a0\u00a0\u00a0\u00a0\u00a0\u00a0\u00a0\u00a0\u00a0\u00a0\u00a0\u00a0\u00a0\u00a0\u00a0\u00a0\u00a0\u00a0\u00a0\u00a0\u00a0\u00a0\u00a0\u00a0\u00a0\u00a0\u00a0\u00a0\u00a0\u00a0\u00a0\u00a0\u00a0\u00a0\u00a0\u00a0\u00a0\u00a0\u00a0\u00a0\u00a0\u00a0\u00a0\u00a0\u00a0\u00a0\u00a0\u00a0\u00a0\u00a0\u00a0\u00a0\u00a0\u00a0\u00a0\u00a0 23\u00a0september &#8211; <span style=\"color: #00ffff;\">MAZENAY<\/span> &#8211; L&#8217;Intermittent \u00a0\u00a0\u00a0\u00a0\u00a0\u00a0\u00a0\u00a0\u00a0\u00a0\u00a0\u00a0\u00a0\u00a0\u00a0\u00a0\u00a0\u00a0\u00a0\u00a0\u00a0\u00a0\u00a0\u00a0\u00a0\u00a0\u00a0\u00a0\u00a0\u00a0\u00a0\u00a0\u00a0\u00a0\u00a0\u00a0\u00a0\u00a0\u00a0\u00a0\u00a0\u00a0\u00a0\u00a0\u00a0\u00a0\u00a0\u00a0\u00a0\u00a0\u00a0\u00a0\u00a0\u00a0\u00a0\u00a0\u00a0\u00a0\u00a0\u00a0\u00a0\u00a0\u00a0\u00a0\u00a0\u00a0\u00a0\u00a0\u00a0\u00a0\u00a0\u00a0\u00a0\u00a0\u00a0\u00a0\u00a0\u00a0\u00a0\u00a0\u00a0\u00a0\u00a0\u00a0\u00a0\u00a0\u00a0\u00a0\u00a0\u00a0\u00a0\u00a0\u00a0\u00a0\u00a0\u00a0\u00a0\u00a0\u00a0\u00a0\u00a0\u00a0\u00a0\u00a0\u00a0\u00a0\u00a0\u00a0\u00a0\u00a0\u00a0\u00a0\u00a0\u00a0\u00a0\u00a0\u00a0\u00a0\u00a0\u00a0\u00a0\u00a0\u00a0\u00a0\u00a0 <\/strong><\/p>\n<p>&nbsp;<\/p>\n<p><span style=\"font-family: Arial,sans-serif;\"><b>L\u00e9onard Kotik: guitare, voix, effets et autres dommages collat\u00e9raux_ <\/b><\/span><span style=\"font-family: Arial,sans-serif;\"><b>guitar, voice, FX and other\u00a0<span id=\"result_box\" class=\"short_text\" lang=\"en\"><span class=\"\">collateral damages<\/span><\/span><br \/>\n<\/b><\/span><\/p>\n<p><span style=\"font-family: Arial,sans-serif;\"><b>Sur la corde raide\u2026 un voyage dans les contr\u00e9es de la cold wave, du punk et d\u2019autres entit\u00e9s difficiles \u00e0 cerner\u2026 <\/b><\/span><span style=\"font-family: Arial,sans-serif;\"><b>Quelque part dans des marais tordus parcourus de feux follets vacillants, L\u00e9onard Kotik r\u00e9alise tout seul cette froide, erratique, br\u00fblante d\u00e9ambulation de funambule sur des cordes raides def. Entre guitare loop\u00e9e, satanique disto et voix soi-disant a\u00e9rienne, \u00e0 la poursuite de fant\u00f4mes h\u00e9ro\u00efques qu&#8217;on devine \u00e7a et l\u00e0\u2026 NB: LK est une moiti\u00e9 du duo industriel punk GRRZZZ&#8230;<\/b><\/span><\/p>\n<p><span style=\"font-family: Arial,sans-serif;\"><b>&#8230;LK is one half of the Grrzzz band playing his own feelings. The mood is cold, erratic, accurate and hot. It swims in the swamps of twisted decay and rising blaze. There is a voice with FX riding with a\u00a0 guitar, often burst by Metalzone distorsion. A looper helps to strenghth the sound and the whole stuff is 40 mn of LK in your face. It\u2019s both strong and fragile matter that walks on a thin string hit by a rainy wind over the void. Come and watch it soar\u2026 <\/b><\/span><span style=\"font-family: Arial,sans-serif;\"><b>This exercise on a tightrope is a journey in the lands of cold wave, punk and something else one can\u2019t define with a single word\u2026 let\u2019s go.<\/b><\/span><\/p>\n","protected":false},"excerpt":{"rendered":"<p>ICI\/HERE &gt;&gt;&gt; LINK &gt;&gt;&gt; MUSIK CONCERTS NB: cette page n&#8217;\u00e9tait\u00a0 pas\u00a0 mise \u00e0 jour depuis longtemps!\u00a0 Les dates de ces derni\u00e8res ann\u00e9es ( il y en a beaucoup ) sont d\u00e9voil\u00e9es dans le chapitre &#8220;tours&#8221; de ce site, accessible sur la page d&#8217;accueil. Voici quand m\u00eame les derni\u00e8res. NB: This page was not updated for &hellip; <a href=\"https:\/\/grrzzz.org\/?page_id=433\" class=\"more-link\">Continuer la lecture<span class=\"screen-reader-text\"> de &laquo;&nbsp;L\u00e9onard Kotik&nbsp;&raquo;<\/span><\/a><\/p>\n","protected":false},"author":2,"featured_media":0,"parent":0,"menu_order":0,"comment_status":"closed","ping_status":"closed","template":"","meta":{"footnotes":""},"class_list":["post-433","page","type-page","status-publish","hentry"],"_links":{"self":[{"href":"https:\/\/grrzzz.org\/index.php?rest_route=\/wp\/v2\/pages\/433","targetHints":{"allow":["GET"]}}],"collection":[{"href":"https:\/\/grrzzz.org\/index.php?rest_route=\/wp\/v2\/pages"}],"about":[{"href":"https:\/\/grrzzz.org\/index.php?rest_route=\/wp\/v2\/types\/page"}],"author":[{"embeddable":true,"href":"https:\/\/grrzzz.org\/index.php?rest_route=\/wp\/v2\/users\/2"}],"replies":[{"embeddable":true,"href":"https:\/\/grrzzz.org\/index.php?rest_route=%2Fwp%2Fv2%2Fcomments&post=433"}],"version-history":[{"count":32,"href":"https:\/\/grrzzz.org\/index.php?rest_route=\/wp\/v2\/pages\/433\/revisions"}],"predecessor-version":[{"id":1336,"href":"https:\/\/grrzzz.org\/index.php?rest_route=\/wp\/v2\/pages\/433\/revisions\/1336"}],"wp:attachment":[{"href":"https:\/\/grrzzz.org\/index.php?rest_route=%2Fwp%2Fv2%2Fmedia&parent=433"}],"curies":[{"name":"wp","href":"https:\/\/api.w.org\/{rel}","templated":true}]}}