{"id":79,"date":"2016-02-04T09:46:07","date_gmt":"2016-02-04T08:46:07","guid":{"rendered":"http:\/\/grrzzz.org\/wp\/?page_id=79"},"modified":"2025-05-04T18:56:53","modified_gmt":"2025-05-04T17:56:53","slug":"geriatric-disaster","status":"publish","type":"page","link":"https:\/\/grrzzz.org\/?page_id=79","title":{"rendered":"Geriatric Disaster, LP 2016"},"content":{"rendered":"<p>\u00c9coute\/Listening &amp; T\u00e9l\u00e9chargement\/Downloading at\u00a0 <a href=\"https:\/\/grrzzz.bandcamp.com\/releases\">geriatric disaster<\/a><\/p>\n<p><span class=\"Stil10\"><img loading=\"lazy\" decoding=\"async\" class=\"size-full wp-image-80 alignleft\" src=\"http:\/\/grrzzz.org\/wp\/wp-content\/uploads\/2016\/02\/gd.jpg\" alt=\"gd\" width=\"198\" height=\"198\" srcset=\"https:\/\/grrzzz.org\/wp\/wp-content\/uploads\/2016\/02\/gd.jpg 198w, https:\/\/grrzzz.org\/wp\/wp-content\/uploads\/2016\/02\/gd-150x150.jpg 150w\" sizes=\"auto, (max-width: 198px) 85vw, 198px\" \/>la crise \u00e9conomique<\/span><br \/>\n<span class=\"Stil10\">l&#8217;histoire \u00e9difiante du hamster et du hipster<\/span><br \/>\n<span class=\"Stil10\">puppet on a barbed string<\/span><br \/>\n<span class=\"Stil10\">l&#8217;\u00e9meute<\/span><br \/>\n<span class=\"Stil10\">the revenge of the tiny<\/span><br \/>\n<span class=\"Stil10\">mot\u00f6rwar<\/span><br \/>\n<span class=\"Stil10\">chienne<\/span><br \/>\n<span class=\"Stil10\">bagarre g\u00e9n\u00e9rale<\/span><\/p>\n<p><span class=\"Stil10\"><b><br \/>\n<\/b><\/span><\/p>\n","protected":false},"excerpt":{"rendered":"<p>\u00c9coute\/Listening &amp; T\u00e9l\u00e9chargement\/Downloading at\u00a0 geriatric disaster la crise \u00e9conomique l&#8217;histoire \u00e9difiante du hamster et du hipster puppet on a barbed string l&#8217;\u00e9meute the revenge of the tiny mot\u00f6rwar chienne bagarre g\u00e9n\u00e9rale<\/p>\n","protected":false},"author":1,"featured_media":0,"parent":0,"menu_order":0,"comment_status":"closed","ping_status":"closed","template":"","meta":{"footnotes":""},"class_list":["post-79","page","type-page","status-publish","hentry"],"_links":{"self":[{"href":"https:\/\/grrzzz.org\/index.php?rest_route=\/wp\/v2\/pages\/79","targetHints":{"allow":["GET"]}}],"collection":[{"href":"https:\/\/grrzzz.org\/index.php?rest_route=\/wp\/v2\/pages"}],"about":[{"href":"https:\/\/grrzzz.org\/index.php?rest_route=\/wp\/v2\/types\/page"}],"author":[{"embeddable":true,"href":"https:\/\/grrzzz.org\/index.php?rest_route=\/wp\/v2\/users\/1"}],"replies":[{"embeddable":true,"href":"https:\/\/grrzzz.org\/index.php?rest_route=%2Fwp%2Fv2%2Fcomments&post=79"}],"version-history":[{"count":6,"href":"https:\/\/grrzzz.org\/index.php?rest_route=\/wp\/v2\/pages\/79\/revisions"}],"predecessor-version":[{"id":1412,"href":"https:\/\/grrzzz.org\/index.php?rest_route=\/wp\/v2\/pages\/79\/revisions\/1412"}],"wp:attachment":[{"href":"https:\/\/grrzzz.org\/index.php?rest_route=%2Fwp%2Fv2%2Fmedia&parent=79"}],"curies":[{"name":"wp","href":"https:\/\/api.w.org\/{rel}","templated":true}]}}